{"id":7923,"date":"2022-12-06T08:08:42","date_gmt":"2022-12-06T08:08:42","guid":{"rendered":"https:\/\/acrylicone.academy\/pigmentierung-von-a1\/"},"modified":"2024-10-23T19:09:51","modified_gmt":"2024-10-23T19:09:51","slug":"pigmentierung-von-a1","status":"publish","type":"page","link":"https:\/\/acrylicone.academy\/de\/pigmentierung-von-a1\/","title":{"rendered":"A1 Akademie | Pigmentierung von A1"},"content":{"rendered":"\t\t<div data-elementor-type=\"wp-page\" data-elementor-id=\"7923\" class=\"elementor elementor-7923 elementor-1639\" data-elementor-post-type=\"page\">\n\t\t\t\t\t\t<section class=\"elementor-section elementor-top-section elementor-element elementor-element-23943fe elementor-section-boxed elementor-section-height-default elementor-section-height-default\" data-id=\"23943fe\" data-element_type=\"section\" data-e-type=\"section\">\n\t\t\t\t\t\t<div class=\"elementor-container elementor-column-gap-default\">\n\t\t\t\t\t<div class=\"elementor-column elementor-col-50 elementor-top-column elementor-element elementor-element-2cae4b8\" data-id=\"2cae4b8\" data-element_type=\"column\" data-e-type=\"column\">\n\t\t\t<div class=\"elementor-widget-wrap elementor-element-populated\">\n\t\t\t\t\t\t<div class=\"elementor-element elementor-element-7822574 elementor-widget elementor-widget-heading\" data-id=\"7822574\" data-element_type=\"widget\" data-e-type=\"widget\" data-widget_type=\"heading.default\">\n\t\t\t\t<div class=\"elementor-widget-container\">\n\t\t\t\t\t<h1 class=\"elementor-heading-title elementor-size-default\">Pigmentierung von A1<\/h1>\t\t\t\t<\/div>\n\t\t\t\t<\/div>\n\t\t\t\t\t<\/div>\n\t\t<\/div>\n\t\t\t\t<div class=\"elementor-column elementor-col-50 elementor-top-column elementor-element elementor-element-7218f02\" data-id=\"7218f02\" data-element_type=\"column\" data-e-type=\"column\">\n\t\t\t<div class=\"elementor-widget-wrap\">\n\t\t\t\t\t\t\t<\/div>\n\t\t<\/div>\n\t\t\t\t\t<\/div>\n\t\t<\/section>\n\t\t\t\t<section class=\"elementor-section elementor-top-section elementor-element elementor-element-33ad0d0 elementor-section-boxed elementor-section-height-default elementor-section-height-default\" data-id=\"33ad0d0\" data-element_type=\"section\" data-e-type=\"section\">\n\t\t\t\t\t\t<div class=\"elementor-container elementor-column-gap-default\">\n\t\t\t\t\t<div class=\"elementor-column elementor-col-100 elementor-top-column elementor-element elementor-element-9066894\" data-id=\"9066894\" data-element_type=\"column\" data-e-type=\"column\">\n\t\t\t<div class=\"elementor-widget-wrap elementor-element-populated\">\n\t\t\t\t\t\t<section class=\"elementor-section elementor-inner-section elementor-element elementor-element-d9b4d79 elementor-section-boxed elementor-section-height-default elementor-section-height-default\" data-id=\"d9b4d79\" data-element_type=\"section\" data-e-type=\"section\">\n\t\t\t\t\t\t<div class=\"elementor-container elementor-column-gap-default\">\n\t\t\t\t\t<div class=\"elementor-column elementor-col-33 elementor-inner-column elementor-element elementor-element-c76cb65\" data-id=\"c76cb65\" data-element_type=\"column\" data-e-type=\"column\" data-settings=\"{&quot;background_background&quot;:&quot;classic&quot;}\">\n\t\t\t<div class=\"elementor-widget-wrap elementor-element-populated\">\n\t\t\t\t\t\t<div class=\"elementor-element elementor-element-059768f elementor-widget elementor-widget-text-editor\" data-id=\"059768f\" data-element_type=\"widget\" data-e-type=\"widget\" data-widget_type=\"text-editor.default\">\n\t\t\t\t<div class=\"elementor-widget-container\">\n\t\t\t\t\t\t\t\t\t<p><span style=\"color: #000000;\"><strong><span style=\"font-size: 18px;\">1.0 A1 Pigmente.<\/span><\/strong><\/span><br \/>Die Grundfarbe von A1 ist Elfenbeinwei\u00df. Auf Wunsch haben wir A1-taugliche Pigmente in 10 Farben, mit denen der A1 durchgef\u00e4rbt werden kann.<\/p><p>Diese Pigmente sind hochkonzentriert und werden dem A1 bis zu maximal 2 % zugesetzt. Oft reicht eine niedrigere Dosis aus, um das gew\u00fcnschte Ergebnis zu erzielen.<\/p>\t\t\t\t\t\t\t\t<\/div>\n\t\t\t\t<\/div>\n\t\t\t\t\t<\/div>\n\t\t<\/div>\n\t\t\t\t<div class=\"elementor-column elementor-col-33 elementor-inner-column elementor-element elementor-element-63bcb1a\" data-id=\"63bcb1a\" data-element_type=\"column\" data-e-type=\"column\" data-settings=\"{&quot;background_background&quot;:&quot;classic&quot;}\">\n\t\t\t<div class=\"elementor-widget-wrap elementor-element-populated\">\n\t\t\t\t\t\t<div class=\"elementor-element elementor-element-656ccfd elementor-widget elementor-widget-image\" data-id=\"656ccfd\" data-element_type=\"widget\" data-e-type=\"widget\" data-widget_type=\"image.default\">\n\t\t\t\t<div class=\"elementor-widget-container\">\n\t\t\t\t\t\t\t\t\t\t\t\t\t\t\t<img fetchpriority=\"high\" decoding=\"async\" width=\"500\" height=\"365\" src=\"https:\/\/acrylicone.academy\/wp-content\/uploads\/2023\/01\/10xPigmentklein.jpg\" class=\"attachment-large size-large wp-image-3925\" alt=\"\" srcset=\"https:\/\/acrylicone.academy\/wp-content\/uploads\/2023\/01\/10xPigmentklein.jpg 500w, https:\/\/acrylicone.academy\/wp-content\/uploads\/2023\/01\/10xPigmentklein-300x219.jpg 300w, https:\/\/acrylicone.academy\/wp-content\/uploads\/2023\/01\/10xPigmentklein-400x292.jpg 400w, https:\/\/acrylicone.academy\/wp-content\/uploads\/2023\/01\/10xPigmentklein-367x268.jpg 367w\" sizes=\"(max-width: 500px) 100vw, 500px\" \/>\t\t\t\t\t\t\t\t\t\t\t\t\t\t\t<\/div>\n\t\t\t\t<\/div>\n\t\t\t\t\t<\/div>\n\t\t<\/div>\n\t\t\t\t<div class=\"elementor-column elementor-col-33 elementor-inner-column elementor-element elementor-element-0208a23\" data-id=\"0208a23\" data-element_type=\"column\" data-e-type=\"column\" data-settings=\"{&quot;background_background&quot;:&quot;classic&quot;}\">\n\t\t\t<div class=\"elementor-widget-wrap elementor-element-populated\">\n\t\t\t\t\t\t<div class=\"elementor-element elementor-element-87cd642 elementor-widget elementor-widget-image\" data-id=\"87cd642\" data-element_type=\"widget\" data-e-type=\"widget\" data-widget_type=\"image.default\">\n\t\t\t\t<div class=\"elementor-widget-container\">\n\t\t\t\t\t\t\t\t\t\t\t\t\t\t\t<img decoding=\"async\" width=\"800\" height=\"444\" src=\"https:\/\/acrylicone.academy\/wp-content\/uploads\/2023\/02\/Pigmenten_HR_web.jpg\" class=\"attachment-large size-large wp-image-10311\" alt=\"\" srcset=\"https:\/\/acrylicone.academy\/wp-content\/uploads\/2023\/02\/Pigmenten_HR_web.jpg 1000w, https:\/\/acrylicone.academy\/wp-content\/uploads\/2023\/02\/Pigmenten_HR_web-300x167.jpg 300w, https:\/\/acrylicone.academy\/wp-content\/uploads\/2023\/02\/Pigmenten_HR_web-768x426.jpg 768w, https:\/\/acrylicone.academy\/wp-content\/uploads\/2023\/02\/Pigmenten_HR_web-640x355.jpg 640w, https:\/\/acrylicone.academy\/wp-content\/uploads\/2023\/02\/Pigmenten_HR_web-400x222.jpg 400w, https:\/\/acrylicone.academy\/wp-content\/uploads\/2023\/02\/Pigmenten_HR_web-367x204.jpg 367w\" sizes=\"(max-width: 800px) 100vw, 800px\" \/>\t\t\t\t\t\t\t\t\t\t\t\t\t\t\t<\/div>\n\t\t\t\t<\/div>\n\t\t\t\t\t<\/div>\n\t\t<\/div>\n\t\t\t\t\t<\/div>\n\t\t<\/section>\n\t\t\t\t<section class=\"elementor-section elementor-inner-section elementor-element elementor-element-4d1d4e2 elementor-section-boxed elementor-section-height-default elementor-section-height-default\" data-id=\"4d1d4e2\" data-element_type=\"section\" data-e-type=\"section\">\n\t\t\t\t\t\t<div class=\"elementor-container elementor-column-gap-default\">\n\t\t\t\t\t<div class=\"elementor-column elementor-col-33 elementor-inner-column elementor-element elementor-element-8ee00a1\" data-id=\"8ee00a1\" data-element_type=\"column\" data-e-type=\"column\">\n\t\t\t<div class=\"elementor-widget-wrap elementor-element-populated\">\n\t\t\t\t\t\t<div class=\"elementor-element elementor-element-e94d0dd elementor-widget elementor-widget-text-editor\" data-id=\"e94d0dd\" data-element_type=\"widget\" data-e-type=\"widget\" data-widget_type=\"text-editor.default\">\n\t\t\t\t<div class=\"elementor-widget-container\">\n\t\t\t\t\t\t\t\t\t<p><span style=\"color: #000000;\"><strong><span style=\"font-size: 18px;\">2.0 RAL-Farben.<\/span><\/strong><\/span><br \/>Die A1-Pigmente k\u00f6nnen untereinander gemischt werden, so dass fast alle RAL-Farben hergestellt werden k\u00f6nnen. Wir haben die meisten RAL-Farbformeln verf\u00fcgbar.<\/p>\t\t\t\t\t\t\t\t<\/div>\n\t\t\t\t<\/div>\n\t\t\t\t\t<\/div>\n\t\t<\/div>\n\t\t\t\t<div class=\"elementor-column elementor-col-33 elementor-inner-column elementor-element elementor-element-a232189\" data-id=\"a232189\" data-element_type=\"column\" data-e-type=\"column\">\n\t\t\t<div class=\"elementor-widget-wrap elementor-element-populated\">\n\t\t\t\t\t\t<div class=\"elementor-element elementor-element-6934c30 elementor-widget elementor-widget-image\" data-id=\"6934c30\" data-element_type=\"widget\" data-e-type=\"widget\" data-widget_type=\"image.default\">\n\t\t\t\t<div class=\"elementor-widget-container\">\n\t\t\t\t\t\t\t\t\t\t\t\t\t\t\t<img decoding=\"async\" width=\"500\" height=\"475\" src=\"https:\/\/acrylicone.academy\/wp-content\/uploads\/2022\/12\/20181121_124014-aangepast_klein.jpg\" class=\"attachment-large size-large wp-image-1656\" alt=\"\" srcset=\"https:\/\/acrylicone.academy\/wp-content\/uploads\/2022\/12\/20181121_124014-aangepast_klein.jpg 500w, https:\/\/acrylicone.academy\/wp-content\/uploads\/2022\/12\/20181121_124014-aangepast_klein-300x285.jpg 300w, https:\/\/acrylicone.academy\/wp-content\/uploads\/2022\/12\/20181121_124014-aangepast_klein-400x380.jpg 400w, https:\/\/acrylicone.academy\/wp-content\/uploads\/2022\/12\/20181121_124014-aangepast_klein-367x349.jpg 367w\" sizes=\"(max-width: 500px) 100vw, 500px\" \/>\t\t\t\t\t\t\t\t\t\t\t\t\t\t\t<\/div>\n\t\t\t\t<\/div>\n\t\t\t\t\t<\/div>\n\t\t<\/div>\n\t\t\t\t<div class=\"elementor-column elementor-col-33 elementor-inner-column elementor-element elementor-element-e5efd16\" data-id=\"e5efd16\" data-element_type=\"column\" data-e-type=\"column\">\n\t\t\t<div class=\"elementor-widget-wrap\">\n\t\t\t\t\t\t\t<\/div>\n\t\t<\/div>\n\t\t\t\t\t<\/div>\n\t\t<\/section>\n\t\t\t\t<section class=\"elementor-section elementor-inner-section elementor-element elementor-element-ed2e8b5 elementor-section-boxed elementor-section-height-default elementor-section-height-default\" data-id=\"ed2e8b5\" data-element_type=\"section\" data-e-type=\"section\">\n\t\t\t\t\t\t<div class=\"elementor-container elementor-column-gap-default\">\n\t\t\t\t\t<div class=\"elementor-column elementor-col-50 elementor-inner-column elementor-element elementor-element-29a8819\" data-id=\"29a8819\" data-element_type=\"column\" data-e-type=\"column\">\n\t\t\t<div class=\"elementor-widget-wrap elementor-element-populated\">\n\t\t\t\t\t\t<div class=\"elementor-element elementor-element-65d1540 elementor-widget elementor-widget-text-editor\" data-id=\"65d1540\" data-element_type=\"widget\" data-e-type=\"widget\" data-widget_type=\"text-editor.default\">\n\t\t\t\t<div class=\"elementor-widget-container\">\n\t\t\t\t\t\t\t\t\t<p><span style=\"color: #000000;\"><strong><span style=\"font-size: 18px;\">3.0 Wenn Sie eine konstante Farbe ben\u00f6tigen.<br \/><\/span><\/strong><\/span>Da es sich bei A1-Pulver um ein nat\u00fcrliches Material handelt, ist es unm\u00f6glich, eine 100%ig gleiche Farbe f\u00fcr alle Produkte zu erzielen. Leichte Farbunterschiede zwischen den verschiedenen A1-Elementen werden auftreten.<\/p><p>Um Farbunterschiede zu minimieren, empfehlen wir:<\/p><ul><li>Mit 1 Pigmentcharge zu arbeiten, um Farbunterschiede so weit wie m\u00f6glich zu vermeiden.<\/li><li>Vor allem, wenn bei gro\u00dfen Projekten eine konstante Farbe ben\u00f6tigt wird, alle Farbpigmente im Voraus zur insgesamt ben\u00f6tigten A1 Fl\u00fcssigkeit hinzuzuf\u00fcgen.<\/li><\/ul>\t\t\t\t\t\t\t\t<\/div>\n\t\t\t\t<\/div>\n\t\t\t\t\t<\/div>\n\t\t<\/div>\n\t\t\t\t<div class=\"elementor-column elementor-col-50 elementor-inner-column elementor-element elementor-element-ea5636f\" data-id=\"ea5636f\" data-element_type=\"column\" data-e-type=\"column\">\n\t\t\t<div class=\"elementor-widget-wrap elementor-element-populated\">\n\t\t\t\t\t\t<div class=\"elementor-element elementor-element-0ebcc75 elementor-widget elementor-widget-video\" data-id=\"0ebcc75\" data-element_type=\"widget\" data-e-type=\"widget\" data-settings=\"{&quot;youtube_url&quot;:&quot;https:\\\/\\\/youtu.be\\\/022a-S3Sojo&quot;,&quot;video_type&quot;:&quot;youtube&quot;,&quot;controls&quot;:&quot;yes&quot;}\" data-widget_type=\"video.default\">\n\t\t\t\t<div class=\"elementor-widget-container\">\n\t\t\t\t\t\t\t<div class=\"elementor-wrapper elementor-open-inline\">\n\t\t\t<div class=\"elementor-video\"><\/div>\t\t<\/div>\n\t\t\t\t\t\t<\/div>\n\t\t\t\t<\/div>\n\t\t\t\t\t<\/div>\n\t\t<\/div>\n\t\t\t\t\t<\/div>\n\t\t<\/section>\n\t\t\t\t\t<\/div>\n\t\t<\/div>\n\t\t\t\t\t<\/div>\n\t\t<\/section>\n\t\t\t\t<section class=\"elementor-section elementor-top-section elementor-element elementor-element-fde89bb elementor-section-boxed elementor-section-height-default elementor-section-height-default\" data-id=\"fde89bb\" data-element_type=\"section\" data-e-type=\"section\" data-settings=\"{&quot;background_background&quot;:&quot;classic&quot;}\">\n\t\t\t\t\t\t<div class=\"elementor-container elementor-column-gap-default\">\n\t\t\t\t\t<div class=\"elementor-column elementor-col-100 elementor-top-column elementor-element elementor-element-7f25a0d\" data-id=\"7f25a0d\" data-element_type=\"column\" data-e-type=\"column\">\n\t\t\t<div class=\"elementor-widget-wrap elementor-element-populated\">\n\t\t\t\t\t\t<section class=\"elementor-section elementor-inner-section elementor-element elementor-element-39f4e97 elementor-section-boxed elementor-section-height-default elementor-section-height-default\" data-id=\"39f4e97\" data-element_type=\"section\" data-e-type=\"section\">\n\t\t\t\t\t\t<div class=\"elementor-container elementor-column-gap-default\">\n\t\t\t\t\t<div class=\"elementor-column elementor-col-33 elementor-inner-column elementor-element elementor-element-a14ab9c\" data-id=\"a14ab9c\" data-element_type=\"column\" data-e-type=\"column\">\n\t\t\t<div class=\"elementor-widget-wrap elementor-element-populated\">\n\t\t\t\t\t\t<div class=\"elementor-element elementor-element-78b7308 elementor-widget elementor-widget-text-editor\" data-id=\"78b7308\" data-element_type=\"widget\" data-e-type=\"widget\" data-widget_type=\"text-editor.default\">\n\t\t\t\t<div class=\"elementor-widget-container\">\n\t\t\t\t\t\t\t\t\t<p><span style=\"color: #000000;\"><strong><span style=\"font-size: 18px;\">4.0 Ich m\u00f6chte, dass mein A1 mehr wei\u00df ist.<br \/><\/span><\/strong><\/span>Wei\u00df ist in vielen Farben erh\u00e4ltlich und oft eine der schwieriger zu realisierenden Farben. Ein paar Vorschl\u00e4ge, um das gew\u00fcnschte wei\u00dfe Aussehen zu erreichen, sind:<\/p><ul><li>Verwenden Sie unsere <strong>A1 Extra White<\/strong> Version, wir empfehlen jedoch nicht, A1 Extra White f\u00fcr A1 Objekte im Au\u00dfenbereich zu verwenden.<\/li><li>F\u00fcgen Sie dem A1 maximal 2 % Wei\u00dfpigment zu.<\/li><li>Als Finish A1 Sealer PLUS mit Wei\u00dfpigment mischen und in 1 oder mehreren d\u00fcnnen Schichten auf das A1 Objekt auftragen. Mit einer unpigmentierten A1 Sealer PLUS-Schicht abschlie\u00dfen.<\/li><li>Eine Kombination der oben genannten M\u00f6glichkeiten.<\/li><\/ul>\t\t\t\t\t\t\t\t<\/div>\n\t\t\t\t<\/div>\n\t\t\t\t<div class=\"elementor-element elementor-element-6b576d1 elementor-widget elementor-widget-text-editor\" data-id=\"6b576d1\" data-element_type=\"widget\" data-e-type=\"widget\" data-widget_type=\"text-editor.default\">\n\t\t\t\t<div class=\"elementor-widget-container\">\n\t\t\t\t\t\t\t\t\t<p><span style=\"font-size: 18px; color: #000000;\"><strong>5.0 W\u00e4rme versus Farbe.<br \/><\/strong><\/span>Dunkle Farben absorbieren mehr W\u00e4rme als helle Farben. Dies ist auch bei dunkel gef\u00e4rbten A1-Objekten der Fall.<\/p><p>Obwohl die Qualit\u00e4t des A1 nicht beeintr\u00e4chtigt wird, k\u00f6nnen diese hohen Temperaturen die Materialien und die Konstruktion des A1-Objekts beeintr\u00e4chtigen.<\/p>\t\t\t\t\t\t\t\t<\/div>\n\t\t\t\t<\/div>\n\t\t\t\t\t<\/div>\n\t\t<\/div>\n\t\t\t\t<div class=\"elementor-column elementor-col-33 elementor-inner-column elementor-element elementor-element-b17a8d0\" data-id=\"b17a8d0\" data-element_type=\"column\" data-e-type=\"column\" data-settings=\"{&quot;background_background&quot;:&quot;classic&quot;}\">\n\t\t\t<div class=\"elementor-widget-wrap elementor-element-populated\">\n\t\t\t\t\t\t<div class=\"elementor-element elementor-element-df7f8ff elementor-widget elementor-widget-text-editor\" data-id=\"df7f8ff\" data-element_type=\"widget\" data-e-type=\"widget\" data-widget_type=\"text-editor.default\">\n\t\t\t\t<div class=\"elementor-widget-container\">\n\t\t\t\t\t\t\t\t\t<p><span style=\"color: #000000;\"><strong><span style=\"font-size: 18px;\">6.0 Pigmente von anderen Lieferanten.<\/span><\/strong><\/span><br \/>Regelm\u00e4\u00dfig werden wir gefragt, ob es m\u00f6glich ist, A1 mit Pigmenten anderer Hersteller zu f\u00e4rben. Wir m\u00fcssen immer antworten: &#8222;Wir wissen es nicht, da es viele verschiedene Pigmente gibt und diese in einigen F\u00e4llen die Qualit\u00e4t des A1 beeintr\u00e4chtigen k\u00f6nnen, von der Verlangsamung\/Blockierung des Aush\u00e4rtungsprozesses bis hin zur Verringerung der Witterungsbest\u00e4ndigkeit&#8220;.<\/p><p>Daher unser Rat, <strong>a)<\/strong> unsere getesteten A1-Pigmente zu verwenden oder<strong> b)<\/strong> diese Pigmente vorab selbst zu testen.<\/p><p>Nat\u00fcrlich m\u00fcssen auch die Pigmente auf Wasserbasis oder in Pulverform sein.<\/p>\t\t\t\t\t\t\t\t<\/div>\n\t\t\t\t<\/div>\n\t\t\t\t<div class=\"elementor-element elementor-element-c0582a1 elementor-widget elementor-widget-text-editor\" data-id=\"c0582a1\" data-element_type=\"widget\" data-e-type=\"widget\" data-widget_type=\"text-editor.default\">\n\t\t\t\t<div class=\"elementor-widget-container\">\n\t\t\t\t\t\t\t\t\t<p><span style=\"font-size: 18px; color: #000000;\"><strong>7.0 Ist A1 nach der Belichtung UV-stabil?<\/strong><\/span><br \/>Die vorliegenden A1-Pigmente sind \u00fcber einen langen Zeitraum UV-stabil. Aber auch A1 mit Pigmenten ver\u00e4ndert seine Farbe unter dem Einfluss der Witterung. Wie viel, ist schwer zu sagen, da dies von der Intensit\u00e4t des Witterungseinflusses auf das A1-Objekt, der Verwendung einer Versiegelung oder eines Beschichtungssystems, dem Prozentsatz des verwendeten Pigments und der Farbe des Pigments abh\u00e4ngt.<\/p>\n\t\t\t\t\t\t\t\t<\/div>\n\t\t\t\t<\/div>\n\t\t\t\t\t<\/div>\n\t\t<\/div>\n\t\t\t\t<div class=\"elementor-column elementor-col-33 elementor-inner-column elementor-element elementor-element-4059085\" data-id=\"4059085\" data-element_type=\"column\" data-e-type=\"column\">\n\t\t\t<div class=\"elementor-widget-wrap elementor-element-populated\">\n\t\t\t\t\t\t<div class=\"elementor-element elementor-element-0b9dc31 elementor-widget elementor-widget-image\" data-id=\"0b9dc31\" data-element_type=\"widget\" data-e-type=\"widget\" data-widget_type=\"image.default\">\n\t\t\t\t<div class=\"elementor-widget-container\">\n\t\t\t\t\t\t\t\t\t\t\t\t\t\t\t<img loading=\"lazy\" decoding=\"async\" width=\"617\" height=\"617\" src=\"https:\/\/acrylicone.academy\/wp-content\/uploads\/2022\/12\/Acrylic-paint.jpg\" class=\"attachment-large size-large wp-image-2006\" alt=\"\" srcset=\"https:\/\/acrylicone.academy\/wp-content\/uploads\/2022\/12\/Acrylic-paint.jpg 617w, https:\/\/acrylicone.academy\/wp-content\/uploads\/2022\/12\/Acrylic-paint-300x300.jpg 300w, https:\/\/acrylicone.academy\/wp-content\/uploads\/2022\/12\/Acrylic-paint-150x150.jpg 150w, https:\/\/acrylicone.academy\/wp-content\/uploads\/2022\/12\/Acrylic-paint-400x400.jpg 400w, https:\/\/acrylicone.academy\/wp-content\/uploads\/2022\/12\/Acrylic-paint-560x560.jpg 560w, https:\/\/acrylicone.academy\/wp-content\/uploads\/2022\/12\/Acrylic-paint-367x367.jpg 367w, https:\/\/acrylicone.academy\/wp-content\/uploads\/2022\/12\/Acrylic-paint-85x85.jpg 85w\" sizes=\"(max-width: 617px) 100vw, 617px\" \/>\t\t\t\t\t\t\t\t\t\t\t\t\t\t\t<\/div>\n\t\t\t\t<\/div>\n\t\t\t\t<div class=\"elementor-element elementor-element-749bd38 elementor-widget elementor-widget-text-editor\" data-id=\"749bd38\" data-element_type=\"widget\" data-e-type=\"widget\" data-widget_type=\"text-editor.default\">\n\t\t\t\t<div class=\"elementor-widget-container\">\n\t\t\t\t\t\t\t\t\t<p><span style=\"font-size: 18px; color: #000000;\"><strong>8.0 Worin besteht der Unterschied zwischen der Zugabe von Wei\u00dfpigment und der Verwendung der Version A1 Extra White?<br \/><\/strong><\/span>Bei A1 Extra White wurde das A1-Pulver chemisch gebleicht. Standard-A1-Pulver hat eine leicht r\u00f6tliche Farbe (variiert je nach Charge von A1-Pulver). Mit A1 Powder Extra White wurde diese r\u00f6tliche Farbe entfernt.  <\/p>\n<div>\n<div>Dadurch \u00e4ndern sich auch die Eigenschaften von A1 Extra White. F\u00fcr Au\u00dfenanwendungen raten wir daher, unser Standard A1 zu verwenden, eventuell in Kombination mit Pigmenten.<\/div>\n<\/p><\/div>\n\t\t\t\t\t\t\t\t<\/div>\n\t\t\t\t<\/div>\n\t\t\t\t\t<\/div>\n\t\t<\/div>\n\t\t\t\t\t<\/div>\n\t\t<\/section>\n\t\t\t\t<section class=\"elementor-section elementor-inner-section elementor-element elementor-element-1a7607f elementor-section-boxed elementor-section-height-default elementor-section-height-default\" data-id=\"1a7607f\" data-element_type=\"section\" data-e-type=\"section\">\n\t\t\t\t\t\t<div class=\"elementor-container elementor-column-gap-default\">\n\t\t\t\t\t<div class=\"elementor-column elementor-col-50 elementor-inner-column elementor-element elementor-element-1b3cb14\" data-id=\"1b3cb14\" data-element_type=\"column\" data-e-type=\"column\">\n\t\t\t<div class=\"elementor-widget-wrap elementor-element-populated\">\n\t\t\t\t\t\t<div class=\"elementor-element elementor-element-2277844 elementor-widget elementor-widget-text-editor\" data-id=\"2277844\" data-element_type=\"widget\" data-e-type=\"widget\" data-widget_type=\"text-editor.default\">\n\t\t\t\t<div class=\"elementor-widget-container\">\n\t\t\t\t\t\t\t\t\t<p><span style=\"font-size: 18px; color: #000000;\"><strong>9.0 Wie kreiere ich einen konkreten Look?<\/strong><\/span><br \/>Durch die Verwendung von A1 mit unseren Glasfasern ist es m\u00f6glich, &#8222;Beton&#8220;-Objekte herzustellen, die d\u00fcnn und leicht sind. Sie k\u00f6nnen (fast) jedes beliebige konkrete Aussehen kreieren, das Sie sich w\u00fcnschen.  <\/p>\n<p>Die Nachahmung der Betonstruktur h\u00e4ngt von der Form ab. Achten Sie also darauf, dass Sie eine Form mit der von Ihnen gew\u00fcnschten Betonstruktur w\u00e4hlen.<\/p>\n<p>Die Farbe des Betons wird von den verwendeten Pigmenten und F\u00fcllstoffen bestimmt. Am einfachsten ist es, eine bestimmte (RAL-)Farbe zu w\u00e4hlen, die der Farbe des Betons entspricht, den Sie nachbilden m\u00f6chten. Durch die Zugabe von F\u00fcllmaterial wie grauem Sand, Steinen oder Fillite, wie wir es Ihnen im Video zeigen, verleihen Sie dem Betonlook zus\u00e4tzliche Tiefe.<\/p>\n<p>Nat\u00fcrlich k\u00f6nnen Sie auch experimentieren, um Ihre eigene Betonmischung zu kreieren.  <\/p>\n\t\t\t\t\t\t\t\t<\/div>\n\t\t\t\t<\/div>\n\t\t\t\t\t<\/div>\n\t\t<\/div>\n\t\t\t\t<div class=\"elementor-column elementor-col-50 elementor-inner-column elementor-element elementor-element-62ffd2b\" data-id=\"62ffd2b\" data-element_type=\"column\" data-e-type=\"column\" data-settings=\"{&quot;background_background&quot;:&quot;classic&quot;}\">\n\t\t\t<div class=\"elementor-widget-wrap elementor-element-populated\">\n\t\t\t\t\t\t<div class=\"elementor-element elementor-element-85b6b84 elementor-widget elementor-widget-video\" data-id=\"85b6b84\" data-element_type=\"widget\" data-e-type=\"widget\" data-settings=\"{&quot;youtube_url&quot;:&quot;https:\\\/\\\/youtu.be\\\/yg2hY2KjjrQ&quot;,&quot;video_type&quot;:&quot;youtube&quot;,&quot;controls&quot;:&quot;yes&quot;}\" data-widget_type=\"video.default\">\n\t\t\t\t<div class=\"elementor-widget-container\">\n\t\t\t\t\t\t\t<div class=\"elementor-wrapper elementor-open-inline\">\n\t\t\t<div class=\"elementor-video\"><\/div>\t\t<\/div>\n\t\t\t\t\t\t<\/div>\n\t\t\t\t<\/div>\n\t\t\t\t\t<\/div>\n\t\t<\/div>\n\t\t\t\t\t<\/div>\n\t\t<\/section>\n\t\t\t\t\t<\/div>\n\t\t<\/div>\n\t\t\t\t\t<\/div>\n\t\t<\/section>\n\t\t\t\t<section class=\"elementor-section elementor-top-section elementor-element elementor-element-3222049 elementor-section-height-min-height elementor-section-boxed elementor-section-height-default elementor-section-items-middle\" data-id=\"3222049\" data-element_type=\"section\" data-e-type=\"section\" data-settings=\"{&quot;background_background&quot;:&quot;slideshow&quot;,&quot;background_slideshow_gallery&quot;:[{&quot;id&quot;:1672,&quot;url&quot;:&quot;https:\\\/\\\/acrylicone.academy\\\/wp-content\\\/uploads\\\/2022\\\/12\\\/IMG_8234.jpg&quot;}],&quot;background_slideshow_slide_duration&quot;:5000,&quot;background_slideshow_slide_transition&quot;:&quot;fade&quot;,&quot;background_slideshow_transition_duration&quot;:500}\">\n\t\t\t\t\t\t<div class=\"elementor-container elementor-column-gap-default\">\n\t\t\t\t\t<div class=\"elementor-column elementor-col-100 elementor-top-column elementor-element elementor-element-3222aac\" data-id=\"3222aac\" data-element_type=\"column\" data-e-type=\"column\">\n\t\t\t<div class=\"elementor-widget-wrap\">\n\t\t\t\t\t\t\t<\/div>\n\t\t<\/div>\n\t\t\t\t\t<\/div>\n\t\t<\/section>\n\t\t\t\t<\/div>\n\t\t","protected":false},"excerpt":{"rendered":"<p>Pigmentierung von A1 1.0 A1 Pigmente.Die Grundfarbe von A1 ist Elfenbeinwei\u00df. Auf Wunsch haben wir A1-taugliche Pigmente in 10 Farben, mit denen der A1 durchgef\u00e4rbt werden kann. Diese Pigmente sind hochkonzentriert und werden dem A1 bis zu maximal 2 % zugesetzt. Oft reicht eine niedrigere Dosis aus, um das gew\u00fcnschte Ergebnis zu erzielen. 2.0 RAL-Farben.Die [&hellip;]<\/p>\n","protected":false},"author":1,"featured_media":10311,"parent":0,"menu_order":0,"comment_status":"closed","ping_status":"closed","template":"","meta":{"footnotes":""},"class_list":["post-7923","page","type-page","status-publish","has-post-thumbnail","hentry"],"aioseo_notices":[],"_links":{"self":[{"href":"https:\/\/acrylicone.academy\/de\/wp-json\/wp\/v2\/pages\/7923","targetHints":{"allow":["GET"]}}],"collection":[{"href":"https:\/\/acrylicone.academy\/de\/wp-json\/wp\/v2\/pages"}],"about":[{"href":"https:\/\/acrylicone.academy\/de\/wp-json\/wp\/v2\/types\/page"}],"author":[{"embeddable":true,"href":"https:\/\/acrylicone.academy\/de\/wp-json\/wp\/v2\/users\/1"}],"replies":[{"embeddable":true,"href":"https:\/\/acrylicone.academy\/de\/wp-json\/wp\/v2\/comments?post=7923"}],"version-history":[{"count":0,"href":"https:\/\/acrylicone.academy\/de\/wp-json\/wp\/v2\/pages\/7923\/revisions"}],"wp:featuredmedia":[{"embeddable":true,"href":"https:\/\/acrylicone.academy\/de\/wp-json\/wp\/v2\/media\/10311"}],"wp:attachment":[{"href":"https:\/\/acrylicone.academy\/de\/wp-json\/wp\/v2\/media?parent=7923"}],"curies":[{"name":"wp","href":"https:\/\/api.w.org\/{rel}","templated":true}]}}