{"id":7692,"date":"2022-12-06T08:08:42","date_gmt":"2022-12-06T08:08:42","guid":{"rendered":"https:\/\/acrylicone.academy\/pigmentacion-de-a1\/"},"modified":"2024-10-23T19:08:54","modified_gmt":"2024-10-23T19:08:54","slug":"pigmentacion-de-a1","status":"publish","type":"page","link":"https:\/\/acrylicone.academy\/es\/pigmentacion-de-a1\/","title":{"rendered":"Academia A1 | Pigmentaci\u00f3n de A1"},"content":{"rendered":"\t\t<div data-elementor-type=\"wp-page\" data-elementor-id=\"7692\" class=\"elementor elementor-7692 elementor-1639\" data-elementor-post-type=\"page\">\n\t\t\t\t\t\t<section class=\"elementor-section elementor-top-section elementor-element elementor-element-23943fe elementor-section-boxed elementor-section-height-default elementor-section-height-default\" data-id=\"23943fe\" data-element_type=\"section\" data-e-type=\"section\">\n\t\t\t\t\t\t<div class=\"elementor-container elementor-column-gap-default\">\n\t\t\t\t\t<div class=\"elementor-column elementor-col-50 elementor-top-column elementor-element elementor-element-2cae4b8\" data-id=\"2cae4b8\" data-element_type=\"column\" data-e-type=\"column\">\n\t\t\t<div class=\"elementor-widget-wrap elementor-element-populated\">\n\t\t\t\t\t\t<div class=\"elementor-element elementor-element-7822574 elementor-widget elementor-widget-heading\" data-id=\"7822574\" data-element_type=\"widget\" data-e-type=\"widget\" data-widget_type=\"heading.default\">\n\t\t\t\t<div class=\"elementor-widget-container\">\n\t\t\t\t\t<h1 class=\"elementor-heading-title elementor-size-default\">Pigmentaci\u00f3n de A1<\/h1>\t\t\t\t<\/div>\n\t\t\t\t<\/div>\n\t\t\t\t\t<\/div>\n\t\t<\/div>\n\t\t\t\t<div class=\"elementor-column elementor-col-50 elementor-top-column elementor-element elementor-element-7218f02\" data-id=\"7218f02\" data-element_type=\"column\" data-e-type=\"column\">\n\t\t\t<div class=\"elementor-widget-wrap\">\n\t\t\t\t\t\t\t<\/div>\n\t\t<\/div>\n\t\t\t\t\t<\/div>\n\t\t<\/section>\n\t\t\t\t<section class=\"elementor-section elementor-top-section elementor-element elementor-element-33ad0d0 elementor-section-boxed elementor-section-height-default elementor-section-height-default\" data-id=\"33ad0d0\" data-element_type=\"section\" data-e-type=\"section\">\n\t\t\t\t\t\t<div class=\"elementor-container elementor-column-gap-default\">\n\t\t\t\t\t<div class=\"elementor-column elementor-col-100 elementor-top-column elementor-element elementor-element-9066894\" data-id=\"9066894\" data-element_type=\"column\" data-e-type=\"column\">\n\t\t\t<div class=\"elementor-widget-wrap elementor-element-populated\">\n\t\t\t\t\t\t<section class=\"elementor-section elementor-inner-section elementor-element elementor-element-d9b4d79 elementor-section-boxed elementor-section-height-default elementor-section-height-default\" data-id=\"d9b4d79\" data-element_type=\"section\" data-e-type=\"section\">\n\t\t\t\t\t\t<div class=\"elementor-container elementor-column-gap-default\">\n\t\t\t\t\t<div class=\"elementor-column elementor-col-33 elementor-inner-column elementor-element elementor-element-c76cb65\" data-id=\"c76cb65\" data-element_type=\"column\" data-e-type=\"column\" data-settings=\"{&quot;background_background&quot;:&quot;classic&quot;}\">\n\t\t\t<div class=\"elementor-widget-wrap elementor-element-populated\">\n\t\t\t\t\t\t<div class=\"elementor-element elementor-element-059768f elementor-widget elementor-widget-text-editor\" data-id=\"059768f\" data-element_type=\"widget\" data-e-type=\"widget\" data-widget_type=\"text-editor.default\">\n\t\t\t\t<div class=\"elementor-widget-container\">\n\t\t\t\t\t\t\t\t\t<p><span style=\"color: #000000;\"><strong><span style=\"font-size: 18px;\">1.0 A1 Pigmentos.<\/span><\/strong><\/span><br \/>El color base de A1 es el blanco marfil. Si lo desea, disponemos de pigmentos adecuados para A1 en 10 colores con los que se puede colorear el A1 por completo.<\/p><p>Estos pigmentos son muy concentrados y se a\u00f1aden hasta un m\u00e1ximo del 2% al A1. A menudo basta con una dosis m\u00e1s baja para lograr el resultado deseado.<\/p>\t\t\t\t\t\t\t\t<\/div>\n\t\t\t\t<\/div>\n\t\t\t\t\t<\/div>\n\t\t<\/div>\n\t\t\t\t<div class=\"elementor-column elementor-col-33 elementor-inner-column elementor-element elementor-element-63bcb1a\" data-id=\"63bcb1a\" data-element_type=\"column\" data-e-type=\"column\" data-settings=\"{&quot;background_background&quot;:&quot;classic&quot;}\">\n\t\t\t<div class=\"elementor-widget-wrap elementor-element-populated\">\n\t\t\t\t\t\t<div class=\"elementor-element elementor-element-656ccfd elementor-widget elementor-widget-image\" data-id=\"656ccfd\" data-element_type=\"widget\" data-e-type=\"widget\" data-widget_type=\"image.default\">\n\t\t\t\t<div class=\"elementor-widget-container\">\n\t\t\t\t\t\t\t\t\t\t\t\t\t\t\t<img fetchpriority=\"high\" decoding=\"async\" width=\"500\" height=\"365\" src=\"https:\/\/acrylicone.academy\/wp-content\/uploads\/2023\/01\/10xPigmentklein.jpg\" class=\"attachment-large size-large wp-image-5677\" alt=\"\" srcset=\"https:\/\/acrylicone.academy\/wp-content\/uploads\/2023\/01\/10xPigmentklein.jpg 500w, https:\/\/acrylicone.academy\/wp-content\/uploads\/2023\/01\/10xPigmentklein-300x219.jpg 300w, https:\/\/acrylicone.academy\/wp-content\/uploads\/2023\/01\/10xPigmentklein-400x292.jpg 400w, https:\/\/acrylicone.academy\/wp-content\/uploads\/2023\/01\/10xPigmentklein-367x268.jpg 367w\" sizes=\"(max-width: 500px) 100vw, 500px\" \/>\t\t\t\t\t\t\t\t\t\t\t\t\t\t\t<\/div>\n\t\t\t\t<\/div>\n\t\t\t\t\t<\/div>\n\t\t<\/div>\n\t\t\t\t<div class=\"elementor-column elementor-col-33 elementor-inner-column elementor-element elementor-element-0208a23\" data-id=\"0208a23\" data-element_type=\"column\" data-e-type=\"column\" data-settings=\"{&quot;background_background&quot;:&quot;classic&quot;}\">\n\t\t\t<div class=\"elementor-widget-wrap elementor-element-populated\">\n\t\t\t\t\t\t<div class=\"elementor-element elementor-element-87cd642 elementor-widget elementor-widget-image\" data-id=\"87cd642\" data-element_type=\"widget\" data-e-type=\"widget\" data-widget_type=\"image.default\">\n\t\t\t\t<div class=\"elementor-widget-container\">\n\t\t\t\t\t\t\t\t\t\t\t\t\t\t\t<img decoding=\"async\" width=\"800\" height=\"444\" src=\"https:\/\/acrylicone.academy\/wp-content\/uploads\/2023\/02\/Pigmenten_HR_web.jpg\" class=\"attachment-large size-large wp-image-6736\" alt=\"\" srcset=\"https:\/\/acrylicone.academy\/wp-content\/uploads\/2023\/02\/Pigmenten_HR_web.jpg 1000w, https:\/\/acrylicone.academy\/wp-content\/uploads\/2023\/02\/Pigmenten_HR_web-300x167.jpg 300w, https:\/\/acrylicone.academy\/wp-content\/uploads\/2023\/02\/Pigmenten_HR_web-768x426.jpg 768w, https:\/\/acrylicone.academy\/wp-content\/uploads\/2023\/02\/Pigmenten_HR_web-640x355.jpg 640w, https:\/\/acrylicone.academy\/wp-content\/uploads\/2023\/02\/Pigmenten_HR_web-400x222.jpg 400w, https:\/\/acrylicone.academy\/wp-content\/uploads\/2023\/02\/Pigmenten_HR_web-367x204.jpg 367w\" sizes=\"(max-width: 800px) 100vw, 800px\" \/>\t\t\t\t\t\t\t\t\t\t\t\t\t\t\t<\/div>\n\t\t\t\t<\/div>\n\t\t\t\t\t<\/div>\n\t\t<\/div>\n\t\t\t\t\t<\/div>\n\t\t<\/section>\n\t\t\t\t<section class=\"elementor-section elementor-inner-section elementor-element elementor-element-4d1d4e2 elementor-section-boxed elementor-section-height-default elementor-section-height-default\" data-id=\"4d1d4e2\" data-element_type=\"section\" data-e-type=\"section\">\n\t\t\t\t\t\t<div class=\"elementor-container elementor-column-gap-default\">\n\t\t\t\t\t<div class=\"elementor-column elementor-col-33 elementor-inner-column elementor-element elementor-element-8ee00a1\" data-id=\"8ee00a1\" data-element_type=\"column\" data-e-type=\"column\">\n\t\t\t<div class=\"elementor-widget-wrap elementor-element-populated\">\n\t\t\t\t\t\t<div class=\"elementor-element elementor-element-e94d0dd elementor-widget elementor-widget-text-editor\" data-id=\"e94d0dd\" data-element_type=\"widget\" data-e-type=\"widget\" data-widget_type=\"text-editor.default\">\n\t\t\t\t<div class=\"elementor-widget-container\">\n\t\t\t\t\t\t\t\t\t<p><span style=\"color: #000000;\"><strong><span style=\"font-size: 18px;\">2.0 Colores RAL.<\/span><\/strong><\/span><br \/>Los pigmentos A1 pueden mezclarse entre s\u00ed, de modo que pueden obtenerse casi todos los colores RAL. Disponemos de la mayor\u00eda de f\u00f3rmulas de color RAL.<\/p>\t\t\t\t\t\t\t\t<\/div>\n\t\t\t\t<\/div>\n\t\t\t\t\t<\/div>\n\t\t<\/div>\n\t\t\t\t<div class=\"elementor-column elementor-col-33 elementor-inner-column elementor-element elementor-element-a232189\" data-id=\"a232189\" data-element_type=\"column\" data-e-type=\"column\">\n\t\t\t<div class=\"elementor-widget-wrap elementor-element-populated\">\n\t\t\t\t\t\t<div class=\"elementor-element elementor-element-6934c30 elementor-widget elementor-widget-image\" data-id=\"6934c30\" data-element_type=\"widget\" data-e-type=\"widget\" data-widget_type=\"image.default\">\n\t\t\t\t<div class=\"elementor-widget-container\">\n\t\t\t\t\t\t\t\t\t\t\t\t\t\t\t<img decoding=\"async\" width=\"500\" height=\"475\" src=\"https:\/\/acrylicone.academy\/wp-content\/uploads\/2022\/12\/20181121_124014-aangepast_klein.jpg\" class=\"attachment-large size-large wp-image-4945\" alt=\"\" srcset=\"https:\/\/acrylicone.academy\/wp-content\/uploads\/2022\/12\/20181121_124014-aangepast_klein.jpg 500w, https:\/\/acrylicone.academy\/wp-content\/uploads\/2022\/12\/20181121_124014-aangepast_klein-300x285.jpg 300w, https:\/\/acrylicone.academy\/wp-content\/uploads\/2022\/12\/20181121_124014-aangepast_klein-400x380.jpg 400w, https:\/\/acrylicone.academy\/wp-content\/uploads\/2022\/12\/20181121_124014-aangepast_klein-367x349.jpg 367w\" sizes=\"(max-width: 500px) 100vw, 500px\" \/>\t\t\t\t\t\t\t\t\t\t\t\t\t\t\t<\/div>\n\t\t\t\t<\/div>\n\t\t\t\t\t<\/div>\n\t\t<\/div>\n\t\t\t\t<div class=\"elementor-column elementor-col-33 elementor-inner-column elementor-element elementor-element-e5efd16\" data-id=\"e5efd16\" data-element_type=\"column\" data-e-type=\"column\">\n\t\t\t<div class=\"elementor-widget-wrap\">\n\t\t\t\t\t\t\t<\/div>\n\t\t<\/div>\n\t\t\t\t\t<\/div>\n\t\t<\/section>\n\t\t\t\t<section class=\"elementor-section elementor-inner-section elementor-element elementor-element-ed2e8b5 elementor-section-boxed elementor-section-height-default elementor-section-height-default\" data-id=\"ed2e8b5\" data-element_type=\"section\" data-e-type=\"section\">\n\t\t\t\t\t\t<div class=\"elementor-container elementor-column-gap-default\">\n\t\t\t\t\t<div class=\"elementor-column elementor-col-50 elementor-inner-column elementor-element elementor-element-29a8819\" data-id=\"29a8819\" data-element_type=\"column\" data-e-type=\"column\">\n\t\t\t<div class=\"elementor-widget-wrap elementor-element-populated\">\n\t\t\t\t\t\t<div class=\"elementor-element elementor-element-65d1540 elementor-widget elementor-widget-text-editor\" data-id=\"65d1540\" data-element_type=\"widget\" data-e-type=\"widget\" data-widget_type=\"text-editor.default\">\n\t\t\t\t<div class=\"elementor-widget-container\">\n\t\t\t\t\t\t\t\t\t<p><span style=\"color: #000000;\"><strong><span style=\"font-size: 18px;\">3.0 Si necesita un color constante.<br \/><\/span><\/strong><\/span>Dado que el polvo A1 es un material natural, es imposible conseguir un color 100% igual para todos los productos. Se producir\u00e1n ligeras diferencias de color entre los distintos elementos A1.<\/p><p>Para minimizar la diferencia de color, aconsejamos:<\/p><ul><li>Trabajar con 1 lote de pigmento para evitar al m\u00e1ximo las diferencias de color.<\/li><li>Especialmente si se requiere un color constante para grandes proyectos, a\u00f1adir todos los pigmentos de color al total de A1 L\u00edquido necesario por adelantado.<\/li><\/ul>\t\t\t\t\t\t\t\t<\/div>\n\t\t\t\t<\/div>\n\t\t\t\t\t<\/div>\n\t\t<\/div>\n\t\t\t\t<div class=\"elementor-column elementor-col-50 elementor-inner-column elementor-element elementor-element-ea5636f\" data-id=\"ea5636f\" data-element_type=\"column\" data-e-type=\"column\">\n\t\t\t<div class=\"elementor-widget-wrap elementor-element-populated\">\n\t\t\t\t\t\t<div class=\"elementor-element elementor-element-0ebcc75 elementor-widget elementor-widget-video\" data-id=\"0ebcc75\" data-element_type=\"widget\" data-e-type=\"widget\" data-settings=\"{&quot;youtube_url&quot;:&quot;https:\\\/\\\/youtu.be\\\/022a-S3Sojo&quot;,&quot;video_type&quot;:&quot;youtube&quot;,&quot;controls&quot;:&quot;yes&quot;}\" data-widget_type=\"video.default\">\n\t\t\t\t<div class=\"elementor-widget-container\">\n\t\t\t\t\t\t\t<div class=\"elementor-wrapper elementor-open-inline\">\n\t\t\t<div class=\"elementor-video\"><\/div>\t\t<\/div>\n\t\t\t\t\t\t<\/div>\n\t\t\t\t<\/div>\n\t\t\t\t\t<\/div>\n\t\t<\/div>\n\t\t\t\t\t<\/div>\n\t\t<\/section>\n\t\t\t\t\t<\/div>\n\t\t<\/div>\n\t\t\t\t\t<\/div>\n\t\t<\/section>\n\t\t\t\t<section class=\"elementor-section elementor-top-section elementor-element elementor-element-fde89bb elementor-section-boxed elementor-section-height-default elementor-section-height-default\" data-id=\"fde89bb\" data-element_type=\"section\" data-e-type=\"section\" data-settings=\"{&quot;background_background&quot;:&quot;classic&quot;}\">\n\t\t\t\t\t\t<div class=\"elementor-container elementor-column-gap-default\">\n\t\t\t\t\t<div class=\"elementor-column elementor-col-100 elementor-top-column elementor-element elementor-element-7f25a0d\" data-id=\"7f25a0d\" data-element_type=\"column\" data-e-type=\"column\">\n\t\t\t<div class=\"elementor-widget-wrap elementor-element-populated\">\n\t\t\t\t\t\t<section class=\"elementor-section elementor-inner-section elementor-element elementor-element-39f4e97 elementor-section-boxed elementor-section-height-default elementor-section-height-default\" data-id=\"39f4e97\" data-element_type=\"section\" data-e-type=\"section\">\n\t\t\t\t\t\t<div class=\"elementor-container elementor-column-gap-default\">\n\t\t\t\t\t<div class=\"elementor-column elementor-col-33 elementor-inner-column elementor-element elementor-element-a14ab9c\" data-id=\"a14ab9c\" data-element_type=\"column\" data-e-type=\"column\">\n\t\t\t<div class=\"elementor-widget-wrap elementor-element-populated\">\n\t\t\t\t\t\t<div class=\"elementor-element elementor-element-78b7308 elementor-widget elementor-widget-text-editor\" data-id=\"78b7308\" data-element_type=\"widget\" data-e-type=\"widget\" data-widget_type=\"text-editor.default\">\n\t\t\t\t<div class=\"elementor-widget-container\">\n\t\t\t\t\t\t\t\t\t<p><span style=\"color: #000000;\"><strong><span style=\"font-size: 18px;\">4.0 Quiero que mi A1 sea m\u00e1s blanco.<br \/><\/span><\/strong><\/span>El blanco est\u00e1 disponible en muchos colores y a menudo es uno de los colores m\u00e1s dif\u00edciles de realizar. Algunas sugerencias para conseguir el aspecto blanco deseado son:<\/p><ul><li>Utilizar nuestra versi\u00f3n <strong>A1<\/strong> Extra White, sin embargo no recomendamos utilizar A1 Extra White para objetos A1 de exterior.<\/li><li>A\u00f1adir como m\u00e1ximo un 2% de pigmento blanco al A1.<\/li><li>Como acabado mezclar A1 Sealer PLUS con pigmento blanco y luego aplicar en 1 o m\u00e1s capas finas sobre el objeto A1. Acabar con una capa no pigmentada de A1 Sealer PLUS.<\/li><li>Una combinaci\u00f3n de las posibilidades anteriores.<\/li><\/ul>\t\t\t\t\t\t\t\t<\/div>\n\t\t\t\t<\/div>\n\t\t\t\t<div class=\"elementor-element elementor-element-6b576d1 elementor-widget elementor-widget-text-editor\" data-id=\"6b576d1\" data-element_type=\"widget\" data-e-type=\"widget\" data-widget_type=\"text-editor.default\">\n\t\t\t\t<div class=\"elementor-widget-container\">\n\t\t\t\t\t\t\t\t\t<p><span style=\"font-size: 18px; color: #000000;\"><strong>5.0 Calor frente a color.<br><\/strong><\/span>Los colores oscuros absorben m\u00e1s calor que los claros. Esto tambi\u00e9n ocurre con los objetos A1 de color oscuro.  <\/p>\n<p>Aunque no afecta a la calidad del A1, estas altas temperaturas pueden afectar a los materiales y la construcci\u00f3n utilizados en el objeto A1.<\/p>\t\t\t\t\t\t\t\t<\/div>\n\t\t\t\t<\/div>\n\t\t\t\t\t<\/div>\n\t\t<\/div>\n\t\t\t\t<div class=\"elementor-column elementor-col-33 elementor-inner-column elementor-element elementor-element-b17a8d0\" data-id=\"b17a8d0\" data-element_type=\"column\" data-e-type=\"column\" data-settings=\"{&quot;background_background&quot;:&quot;classic&quot;}\">\n\t\t\t<div class=\"elementor-widget-wrap elementor-element-populated\">\n\t\t\t\t\t\t<div class=\"elementor-element elementor-element-df7f8ff elementor-widget elementor-widget-text-editor\" data-id=\"df7f8ff\" data-element_type=\"widget\" data-e-type=\"widget\" data-widget_type=\"text-editor.default\">\n\t\t\t\t<div class=\"elementor-widget-container\">\n\t\t\t\t\t\t\t\t\t<p><span style=\"color: #000000;\"><strong><span style=\"font-size: 18px;\">6.0 Pigmentos de otros proveedores.<\/span><\/strong><\/span><br \/>Muy a menudo nos preguntan si es posible utilizar pigmentos de otros proveedores para colorear A1. Siempre tenemos que responder \u00abno lo sabemos, ya que hay muchos pigmentos diferentes disponibles y, en algunos casos, estos pigmentos pueden afectar a la calidad del A1, desde ralentizar\/bloquear el proceso de curado hasta disminuir la resistencia a la intemperie\u00bb.<\/p><p>De ah\u00ed nuestro consejo de <strong>a)<\/strong> utilizar nuestros pigmentos A1 probados o<strong> b)<\/strong> probar estos pigmentos ustedes mismos de antemano.<\/p><p>Por supuesto, los pigmentos tambi\u00e9n deben ser al agua o en polvo.<\/p>\t\t\t\t\t\t\t\t<\/div>\n\t\t\t\t<\/div>\n\t\t\t\t<div class=\"elementor-element elementor-element-c0582a1 elementor-widget elementor-widget-text-editor\" data-id=\"c0582a1\" data-element_type=\"widget\" data-e-type=\"widget\" data-widget_type=\"text-editor.default\">\n\t\t\t\t<div class=\"elementor-widget-container\">\n\t\t\t\t\t\t\t\t\t<p><span style=\"font-size: 18px; color: #000000;\"><strong>7.0 \u00bfEs A1 UV estable tras la exposici\u00f3n?<\/strong><\/span><br \/>Los pigmentos A1 actuales son estables a los rayos UV durante un periodo considerable. Sin embargo, tambi\u00e9n el A1 con pigmento cambiar\u00e1 de color debido a la influencia del tiempo. Es dif\u00edcil decir cu\u00e1nto, ya que depende de la intensidad de la influencia meteorol\u00f3gica sobre el objeto A1, el uso de un sellador o sistema de revestimiento, el % de pigmento utilizado y el color del pigmento.<\/p>\n\t\t\t\t\t\t\t\t<\/div>\n\t\t\t\t<\/div>\n\t\t\t\t\t<\/div>\n\t\t<\/div>\n\t\t\t\t<div class=\"elementor-column elementor-col-33 elementor-inner-column elementor-element elementor-element-4059085\" data-id=\"4059085\" data-element_type=\"column\" data-e-type=\"column\">\n\t\t\t<div class=\"elementor-widget-wrap elementor-element-populated\">\n\t\t\t\t\t\t<div class=\"elementor-element elementor-element-0b9dc31 elementor-widget elementor-widget-image\" data-id=\"0b9dc31\" data-element_type=\"widget\" data-e-type=\"widget\" data-widget_type=\"image.default\">\n\t\t\t\t<div class=\"elementor-widget-container\">\n\t\t\t\t\t\t\t\t\t\t\t\t\t\t\t<img loading=\"lazy\" decoding=\"async\" width=\"617\" height=\"617\" src=\"https:\/\/acrylicone.academy\/wp-content\/uploads\/2022\/12\/Acrylic-paint.jpg\" class=\"attachment-large size-large wp-image-5029\" alt=\"\" srcset=\"https:\/\/acrylicone.academy\/wp-content\/uploads\/2022\/12\/Acrylic-paint.jpg 617w, https:\/\/acrylicone.academy\/wp-content\/uploads\/2022\/12\/Acrylic-paint-300x300.jpg 300w, https:\/\/acrylicone.academy\/wp-content\/uploads\/2022\/12\/Acrylic-paint-150x150.jpg 150w, https:\/\/acrylicone.academy\/wp-content\/uploads\/2022\/12\/Acrylic-paint-400x400.jpg 400w, https:\/\/acrylicone.academy\/wp-content\/uploads\/2022\/12\/Acrylic-paint-560x560.jpg 560w, https:\/\/acrylicone.academy\/wp-content\/uploads\/2022\/12\/Acrylic-paint-367x367.jpg 367w, https:\/\/acrylicone.academy\/wp-content\/uploads\/2022\/12\/Acrylic-paint-85x85.jpg 85w\" sizes=\"(max-width: 617px) 100vw, 617px\" \/>\t\t\t\t\t\t\t\t\t\t\t\t\t\t\t<\/div>\n\t\t\t\t<\/div>\n\t\t\t\t<div class=\"elementor-element elementor-element-749bd38 elementor-widget elementor-widget-text-editor\" data-id=\"749bd38\" data-element_type=\"widget\" data-e-type=\"widget\" data-widget_type=\"text-editor.default\">\n\t\t\t\t<div class=\"elementor-widget-container\">\n\t\t\t\t\t\t\t\t\t<p><span style=\"font-size: 18px; color: #000000;\"><strong>8.0 \u00bfCu\u00e1l es la diferencia de blanco entre a\u00f1adir pigmento blanco y utilizar la versi\u00f3n A1 Extra White?<br \/><\/strong><\/span>Con A1 Extra White, el polvo A1 ha sido blanqueado qu\u00edmicamente. El Polvo A1 est\u00e1ndar tiene un color ligeramente rojizo (var\u00eda seg\u00fan el lote de Polvo A1). Con A1 Polvo Extra Blanco se ha eliminado este color rojizo.  <\/p>\n<div>\n<div>Las propiedades de A1 Extra White tambi\u00e9n cambian debido a esto y, ciertamente, para aplicaciones en exteriores nuestro consejo es utilizar nuestro A1 est\u00e1ndar, posiblemente en combinaci\u00f3n con pigmento.<\/div>\n<\/p><\/div>\n\t\t\t\t\t\t\t\t<\/div>\n\t\t\t\t<\/div>\n\t\t\t\t\t<\/div>\n\t\t<\/div>\n\t\t\t\t\t<\/div>\n\t\t<\/section>\n\t\t\t\t<section class=\"elementor-section elementor-inner-section elementor-element elementor-element-1a7607f elementor-section-boxed elementor-section-height-default elementor-section-height-default\" data-id=\"1a7607f\" data-element_type=\"section\" data-e-type=\"section\">\n\t\t\t\t\t\t<div class=\"elementor-container elementor-column-gap-default\">\n\t\t\t\t\t<div class=\"elementor-column elementor-col-50 elementor-inner-column elementor-element elementor-element-1b3cb14\" data-id=\"1b3cb14\" data-element_type=\"column\" data-e-type=\"column\">\n\t\t\t<div class=\"elementor-widget-wrap elementor-element-populated\">\n\t\t\t\t\t\t<div class=\"elementor-element elementor-element-2277844 elementor-widget elementor-widget-text-editor\" data-id=\"2277844\" data-element_type=\"widget\" data-e-type=\"widget\" data-widget_type=\"text-editor.default\">\n\t\t\t\t<div class=\"elementor-widget-container\">\n\t\t\t\t\t\t\t\t\t<p><span style=\"font-size: 18px; color: #000000;\"><strong>9.0 \u00bfC\u00f3mo crear un aspecto concreto?<\/strong><\/span><br \/>Utilizando A1 con nuestra fibra de vidrio es posible fabricar objetos de \u00abhormig\u00f3n\u00bb delgados y ligeros. Puedes crear (casi) cualquier aspecto concreto que busques.  <\/p>\n<p>Imitar la estructura del hormig\u00f3n depende de su molde, as\u00ed que aseg\u00farese de elegir un molde con la estructura de hormig\u00f3n que busca.<\/p>\n<p>El color del hormig\u00f3n viene determinado por el pigmento y las cargas que se utilicen. La forma m\u00e1s sencilla es elegir un color espec\u00edfico (RAL) que coincida con el color del hormig\u00f3n que desea reproducir. A\u00f1adiendo masilla como arena gris, piedras o fillite, como te mostramos en el v\u00eddeo, crear\u00e1s una profundidad extra en el aspecto del hormig\u00f3n.<\/p>\n<p>Por supuesto, no dude en experimentar para crear su propia mezcla de hormig\u00f3n especial.  <\/p>\n\t\t\t\t\t\t\t\t<\/div>\n\t\t\t\t<\/div>\n\t\t\t\t\t<\/div>\n\t\t<\/div>\n\t\t\t\t<div class=\"elementor-column elementor-col-50 elementor-inner-column elementor-element elementor-element-62ffd2b\" data-id=\"62ffd2b\" data-element_type=\"column\" data-e-type=\"column\" data-settings=\"{&quot;background_background&quot;:&quot;classic&quot;}\">\n\t\t\t<div class=\"elementor-widget-wrap elementor-element-populated\">\n\t\t\t\t\t\t<div class=\"elementor-element elementor-element-85b6b84 elementor-widget elementor-widget-video\" data-id=\"85b6b84\" data-element_type=\"widget\" data-e-type=\"widget\" data-settings=\"{&quot;youtube_url&quot;:&quot;https:\\\/\\\/youtu.be\\\/yg2hY2KjjrQ&quot;,&quot;video_type&quot;:&quot;youtube&quot;,&quot;controls&quot;:&quot;yes&quot;}\" data-widget_type=\"video.default\">\n\t\t\t\t<div class=\"elementor-widget-container\">\n\t\t\t\t\t\t\t<div class=\"elementor-wrapper elementor-open-inline\">\n\t\t\t<div class=\"elementor-video\"><\/div>\t\t<\/div>\n\t\t\t\t\t\t<\/div>\n\t\t\t\t<\/div>\n\t\t\t\t\t<\/div>\n\t\t<\/div>\n\t\t\t\t\t<\/div>\n\t\t<\/section>\n\t\t\t\t\t<\/div>\n\t\t<\/div>\n\t\t\t\t\t<\/div>\n\t\t<\/section>\n\t\t\t\t<section class=\"elementor-section elementor-top-section elementor-element elementor-element-3222049 elementor-section-height-min-height elementor-section-boxed elementor-section-height-default elementor-section-items-middle\" data-id=\"3222049\" data-element_type=\"section\" data-e-type=\"section\" data-settings=\"{&quot;background_background&quot;:&quot;slideshow&quot;,&quot;background_slideshow_gallery&quot;:[{&quot;id&quot;:1672,&quot;url&quot;:&quot;https:\\\/\\\/acrylicone.academy\\\/wp-content\\\/uploads\\\/2022\\\/12\\\/IMG_8234.jpg&quot;}],&quot;background_slideshow_slide_duration&quot;:5000,&quot;background_slideshow_slide_transition&quot;:&quot;fade&quot;,&quot;background_slideshow_transition_duration&quot;:500}\">\n\t\t\t\t\t\t<div class=\"elementor-container elementor-column-gap-default\">\n\t\t\t\t\t<div class=\"elementor-column elementor-col-100 elementor-top-column elementor-element elementor-element-3222aac\" data-id=\"3222aac\" data-element_type=\"column\" data-e-type=\"column\">\n\t\t\t<div class=\"elementor-widget-wrap\">\n\t\t\t\t\t\t\t<\/div>\n\t\t<\/div>\n\t\t\t\t\t<\/div>\n\t\t<\/section>\n\t\t\t\t<\/div>\n\t\t","protected":false},"excerpt":{"rendered":"<p>Pigmentaci\u00f3n de A1 1.0 A1 Pigmentos.El color base de A1 es el blanco marfil. Si lo desea, disponemos de pigmentos adecuados para A1 en 10 colores con los que se puede colorear el A1 por completo. Estos pigmentos son muy concentrados y se a\u00f1aden hasta un m\u00e1ximo del 2% al A1. A menudo basta con [&hellip;]<\/p>\n","protected":false},"author":1,"featured_media":6736,"parent":0,"menu_order":0,"comment_status":"closed","ping_status":"closed","template":"","meta":{"footnotes":""},"class_list":["post-7692","page","type-page","status-publish","has-post-thumbnail","hentry"],"aioseo_notices":[],"_links":{"self":[{"href":"https:\/\/acrylicone.academy\/es\/wp-json\/wp\/v2\/pages\/7692","targetHints":{"allow":["GET"]}}],"collection":[{"href":"https:\/\/acrylicone.academy\/es\/wp-json\/wp\/v2\/pages"}],"about":[{"href":"https:\/\/acrylicone.academy\/es\/wp-json\/wp\/v2\/types\/page"}],"author":[{"embeddable":true,"href":"https:\/\/acrylicone.academy\/es\/wp-json\/wp\/v2\/users\/1"}],"replies":[{"embeddable":true,"href":"https:\/\/acrylicone.academy\/es\/wp-json\/wp\/v2\/comments?post=7692"}],"version-history":[{"count":0,"href":"https:\/\/acrylicone.academy\/es\/wp-json\/wp\/v2\/pages\/7692\/revisions"}],"wp:featuredmedia":[{"embeddable":true,"href":"https:\/\/acrylicone.academy\/es\/wp-json\/wp\/v2\/media\/6736"}],"wp:attachment":[{"href":"https:\/\/acrylicone.academy\/es\/wp-json\/wp\/v2\/media?parent=7692"}],"curies":[{"name":"wp","href":"https:\/\/api.w.org\/{rel}","templated":true}]}}