{"id":7577,"date":"2022-11-08T08:09:20","date_gmt":"2022-11-08T08:09:20","guid":{"rendered":"https:\/\/acrylicone.academy\/fds-et-tds\/"},"modified":"2024-05-26T12:11:40","modified_gmt":"2024-05-26T12:11:40","slug":"fds-et-tds","status":"publish","type":"page","link":"https:\/\/acrylicone.academy\/fr\/fds-et-tds\/","title":{"rendered":"A1 Academy | Fiches de donn\u00e9es de s\u00e9curit\u00e9 et fiches techniques"},"content":{"rendered":"\t\t<div data-elementor-type=\"wp-page\" data-elementor-id=\"7577\" class=\"elementor elementor-7577 elementor-915\" data-elementor-post-type=\"page\">\n\t\t\t\t\t\t<section class=\"elementor-section elementor-top-section elementor-element elementor-element-122b78a elementor-section-boxed elementor-section-height-default elementor-section-height-default\" data-id=\"122b78a\" data-element_type=\"section\" data-e-type=\"section\">\n\t\t\t\t\t\t<div class=\"elementor-container elementor-column-gap-default\">\n\t\t\t\t\t<div class=\"elementor-column elementor-col-100 elementor-top-column elementor-element elementor-element-74a3e82\" data-id=\"74a3e82\" data-element_type=\"column\" data-e-type=\"column\">\n\t\t\t<div class=\"elementor-widget-wrap elementor-element-populated\">\n\t\t\t\t\t\t<div class=\"elementor-element elementor-element-2467416 elementor-widget elementor-widget-heading\" data-id=\"2467416\" data-element_type=\"widget\" data-e-type=\"widget\" data-widget_type=\"heading.default\">\n\t\t\t\t<div class=\"elementor-widget-container\">\n\t\t\t\t\t<h1 class=\"elementor-heading-title elementor-size-default\">Fiches de donn\u00e9es de s\u00e9curit\u00e9 et fiches techniques<\/h1>\t\t\t\t<\/div>\n\t\t\t\t<\/div>\n\t\t\t\t<div class=\"elementor-element elementor-element-ff351f5 elementor-widget elementor-widget-image\" data-id=\"ff351f5\" data-element_type=\"widget\" data-e-type=\"widget\" data-widget_type=\"image.default\">\n\t\t\t\t<div class=\"elementor-widget-container\">\n\t\t\t\t\t\t\t\t\t\t\t\t\t\t\t<img fetchpriority=\"high\" decoding=\"async\" width=\"654\" height=\"654\" src=\"https:\/\/acrylicone.academy\/wp-content\/uploads\/2022\/10\/Icoon_MSDS.jpg\" class=\"attachment-large size-large wp-image-4595\" alt=\"\" srcset=\"https:\/\/acrylicone.academy\/wp-content\/uploads\/2022\/10\/Icoon_MSDS.jpg 654w, https:\/\/acrylicone.academy\/wp-content\/uploads\/2022\/10\/Icoon_MSDS-300x300.jpg 300w, https:\/\/acrylicone.academy\/wp-content\/uploads\/2022\/10\/Icoon_MSDS-150x150.jpg 150w, https:\/\/acrylicone.academy\/wp-content\/uploads\/2022\/10\/Icoon_MSDS-600x600.jpg 600w, https:\/\/acrylicone.academy\/wp-content\/uploads\/2022\/10\/Icoon_MSDS-640x640.jpg 640w, https:\/\/acrylicone.academy\/wp-content\/uploads\/2022\/10\/Icoon_MSDS-400x400.jpg 400w, https:\/\/acrylicone.academy\/wp-content\/uploads\/2022\/10\/Icoon_MSDS-560x560.jpg 560w, https:\/\/acrylicone.academy\/wp-content\/uploads\/2022\/10\/Icoon_MSDS-367x367.jpg 367w, https:\/\/acrylicone.academy\/wp-content\/uploads\/2022\/10\/Icoon_MSDS-85x85.jpg 85w, https:\/\/acrylicone.academy\/wp-content\/uploads\/2022\/10\/Icoon_MSDS-32x32.jpg 32w, https:\/\/acrylicone.academy\/wp-content\/uploads\/2022\/10\/elementor\/thumbs\/Icoon_MSDS-pwqgamd100n80a9h0rgl4vig5wwv4q9riu05m8iwh4.jpg 100w\" sizes=\"(max-width: 654px) 100vw, 654px\" \/>\t\t\t\t\t\t\t\t\t\t\t\t\t\t\t<\/div>\n\t\t\t\t<\/div>\n\t\t\t\t\t<\/div>\n\t\t<\/div>\n\t\t\t\t\t<\/div>\n\t\t<\/section>\n\t\t\t\t<section class=\"elementor-section elementor-top-section elementor-element elementor-element-b393101 elementor-section-boxed elementor-section-height-default elementor-section-height-default\" data-id=\"b393101\" data-element_type=\"section\" data-e-type=\"section\">\n\t\t\t\t\t\t<div class=\"elementor-container elementor-column-gap-default\">\n\t\t\t\t\t<div class=\"elementor-column elementor-col-100 elementor-top-column elementor-element elementor-element-b2a5424\" data-id=\"b2a5424\" data-element_type=\"column\" data-e-type=\"column\">\n\t\t\t<div class=\"elementor-widget-wrap elementor-element-populated\">\n\t\t\t\t\t\t<div class=\"elementor-element elementor-element-d1c36be elementor-widget elementor-widget-heading\" data-id=\"d1c36be\" data-element_type=\"widget\" data-e-type=\"widget\" id=\"msds\" data-widget_type=\"heading.default\">\n\t\t\t\t<div class=\"elementor-widget-container\">\n\t\t\t\t\t<h2 class=\"elementor-heading-title elementor-size-default\">Fiches de donn\u00e9es de s\u00e9curit\u00e9<\/h2>\t\t\t\t<\/div>\n\t\t\t\t<\/div>\n\t\t\t\t\t<\/div>\n\t\t<\/div>\n\t\t\t\t\t<\/div>\n\t\t<\/section>\n\t\t\t\t<section class=\"elementor-section elementor-top-section elementor-element elementor-element-35b68a7 elementor-section-boxed elementor-section-height-default elementor-section-height-default\" data-id=\"35b68a7\" data-element_type=\"section\" data-e-type=\"section\">\n\t\t\t\t\t\t<div class=\"elementor-container elementor-column-gap-default\">\n\t\t\t\t\t<div class=\"elementor-column elementor-col-33 elementor-top-column elementor-element elementor-element-b2c4385\" data-id=\"b2c4385\" data-element_type=\"column\" data-e-type=\"column\">\n\t\t\t<div class=\"elementor-widget-wrap\">\n\t\t\t\t\t\t\t<\/div>\n\t\t<\/div>\n\t\t\t\t<div class=\"elementor-column elementor-col-33 elementor-top-column elementor-element elementor-element-c5c389e\" data-id=\"c5c389e\" data-element_type=\"column\" data-e-type=\"column\">\n\t\t\t<div class=\"elementor-widget-wrap elementor-element-populated\">\n\t\t\t\t\t\t<div class=\"elementor-element elementor-element-4354fa9 elementor-widget elementor-widget-text-editor\" data-id=\"4354fa9\" data-element_type=\"widget\" data-e-type=\"widget\" data-widget_type=\"text-editor.default\">\n\t\t\t\t<div class=\"elementor-widget-container\">\n\t\t\t\t\t\t\t\t\t<p>\n            <span style=\"color: #000000;\"><br \/>\n              <a style=\"color: #000000;\" href=\"https:\/\/acrylicone.academy\/fr\/fds-et-tds\/#msds\">FICHE DE DONN\u00c9ES DE S\u00c9CURIT\u00c9<\/a><br \/>\n            <\/span><br \/>\n            <br \/>\n            <span style=\"color: #000000;\"><br \/>\n              <a style=\"color: #000000;\" href=\"https:\/\/acrylicone.academy\/fr\/fds-et-tds\/#tds\">TDS<\/a><br \/>\n            <\/span>\n          <\/p>\n\t\t\t\t\t\t\t\t<\/div>\n\t\t\t\t<\/div>\n\t\t\t\t\t<\/div>\n\t\t<\/div>\n\t\t\t\t<div class=\"elementor-column elementor-col-33 elementor-top-column elementor-element elementor-element-26fb7bc\" data-id=\"26fb7bc\" data-element_type=\"column\" data-e-type=\"column\">\n\t\t\t<div class=\"elementor-widget-wrap elementor-element-populated\">\n\t\t\t\t\t\t<div class=\"elementor-element elementor-element-c68364d elementor-widget elementor-widget-text-editor\" data-id=\"c68364d\" data-element_type=\"widget\" data-e-type=\"widget\" data-widget_type=\"text-editor.default\">\n\t\t\t\t<div class=\"elementor-widget-container\">\n\t\t\t\t\t\t\t\t\t<p>\n            <strong>ANGLAIS<\/strong>\n          <\/p>\n<p>\n            <a href=\"https:\/\/acrylicone.academy\/wp-content\/uploads\/2022\/10\/MSDS_A1_LP01_Liquid.pdf\" target=\"_blank\" rel=\"noopener\">A1 LP01 Liquide<\/a><br \/>\n            <br \/>\n            <a href=\"https:\/\/acrylicone.academy\/wp-content\/uploads\/2022\/10\/MSDS_A1_Powder.pdf\" target=\"_blank\" rel=\"noopener\">A1 LP01 Poudre<\/a><br \/>\n            <br \/>\n            <a href=\"https:\/\/acrylicone.academy\/wp-content\/uploads\/2022\/10\/MSDS_A1_ATP_Powder.pdf\" target=\"_blank\" rel=\"noopener\">A1 ATP en poudre<\/a><br \/>\n            <br \/>\n            <a href=\"https:\/\/acrylicone.academy\/wp-content\/uploads\/2022\/10\/MSDS_A1_Diluent.pdf\" target=\"_blank\" rel=\"noopener\">A1 Diluant<\/a><br \/>\n            <br \/>\n            <a href=\"https:\/\/acrylicone.academy\/wp-content\/uploads\/2022\/10\/MSDS_A1_Retarder.pdf\" target=\"_blank\" rel=\"noopener\">A1 Retardateur<\/a><br \/>\n            <br \/>\n            <a href=\"https:\/\/acrylicone.academy\/wp-content\/uploads\/2022\/10\/MSDS_A1_Sealer_Plus.pdf\" target=\"_blank\" rel=\"noopener\">A1 Sealer_Plus<\/a><br \/>\n            <br \/>\n            <a href=\"https:\/\/acrylicone.academy\/wp-content\/uploads\/2022\/10\/MSDS_A1_LP01_Thix_A.pdf\" target=\"_blank\" rel=\"noopener\">A1 LP01 Thix A<\/a><br \/>\n            <br \/>\n            <a href=\"https:\/\/acrylicone.academy\/wp-content\/uploads\/2022\/10\/MSDS_A1_LP01_Thix_B.pdf\" target=\"_blank\" rel=\"noopener\">A1 LP01 Thix B<\/a><br \/>\n            <br \/>\n            <a href=\"https:\/\/acrylicone.academy\/wp-content\/uploads\/2022\/10\/MSDS_A1_Triaxial_Fibre_160_300.pdf\" target=\"_blank\" rel=\"noopener\">A1 Fibre triaxiale 160-300<\/a><br \/>\n            <br \/>\n            <a href=\"https:\/\/acrylicone.academy\/wp-content\/uploads\/2022\/10\/MSDS_A1_Accelerator.pdf\" target=\"_blank\" rel=\"noopener\">Acc\u00e9l\u00e9rateur A1<\/a><br \/>\n            <br \/>\n            <a href=\"https:\/\/acrylicone.academy\/wp-content\/uploads\/2022\/10\/MSDS_A1_Pigments_EN.pdf\" target=\"_blank\" rel=\"noopener\">Pigments A1<\/a>\n          <\/p>\n\t\t\t\t\t\t\t\t<\/div>\n\t\t\t\t<\/div>\n\t\t\t\t<div class=\"elementor-element elementor-element-72192dd elementor-widget elementor-widget-text-editor\" data-id=\"72192dd\" data-element_type=\"widget\" data-e-type=\"widget\" data-widget_type=\"text-editor.default\">\n\t\t\t\t<div class=\"elementor-widget-container\">\n\t\t\t\t\t\t\t\t\t<p>\n            <strong>DEUTSCH<\/strong>\n          <\/p>\n<p>\n            <a href=\"https:\/\/acrylicone.academy\/wp-content\/uploads\/2022\/10\/MSDS_A1_LP01-Liquid_Flussigkeit_DE.pdf\" target=\"_blank\" rel=\"noopener\">A1 LP01 Fl\u00fcssigkeit<\/a><br \/>\n            <br \/>\n            <a href=\"https:\/\/acrylicone.academy\/wp-content\/uploads\/2022\/10\/MSDS_A1_Powder_Pulver_DE.pdf\" target=\"_blank\" rel=\"noopener\">A1 LP01 Pulv\u00e9risateur<\/a><br \/>\n            <br \/>\n            <a href=\"https:\/\/acrylicone.academy\/wp-content\/uploads\/2022\/10\/MSDS_A1_Retarder_A1-Verzogern_DE.pdf\" target=\"_blank\" rel=\"noopener\">A1 Retardateur<\/a><br \/>\n            <br \/>\n            <a href=\"https:\/\/acrylicone.academy\/wp-content\/uploads\/2022\/10\/MSDS_A1-THIX-A_DE.pdf\" target=\"_blank\" rel=\"noopener\">A1 LP01 Thix A<\/a>\n          <\/p>\n\t\t\t\t\t\t\t\t<\/div>\n\t\t\t\t<\/div>\n\t\t\t\t<div class=\"elementor-element elementor-element-41b5f7e elementor-widget elementor-widget-text-editor\" data-id=\"41b5f7e\" data-element_type=\"widget\" data-e-type=\"widget\" data-widget_type=\"text-editor.default\">\n\t\t\t\t<div class=\"elementor-widget-container\">\n\t\t\t\t\t\t\t\t\t<p>\n            <strong>FRAN\u00c7AIS<\/strong>\n          <\/p>\n<p>\n            <a href=\"https:\/\/acrylicone.academy\/wp-content\/uploads\/2022\/10\/A1-LP01-Liquid-04-10-2016_FR.pdf\" target=\"_blank\" rel=\"noopener\">A1 LP01 Liquide<\/a><br \/>\n            <br \/>\n            <a href=\"https:\/\/acrylicone.academy\/wp-content\/uploads\/2022\/10\/A1-Powder-04-10-2016_FR.pdf\" target=\"_blank\" rel=\"noopener\">A1 LP01 Poudre<\/a>\n          <\/p>\n\t\t\t\t\t\t\t\t<\/div>\n\t\t\t\t<\/div>\n\t\t\t\t\t<\/div>\n\t\t<\/div>\n\t\t\t\t\t<\/div>\n\t\t<\/section>\n\t\t\t\t<section class=\"elementor-section elementor-top-section elementor-element elementor-element-36edae5 elementor-section-boxed elementor-section-height-default elementor-section-height-default\" data-id=\"36edae5\" data-element_type=\"section\" data-e-type=\"section\">\n\t\t\t\t\t\t<div class=\"elementor-container elementor-column-gap-default\">\n\t\t\t\t\t<div class=\"elementor-column elementor-col-100 elementor-top-column elementor-element elementor-element-5a7c3b3\" data-id=\"5a7c3b3\" data-element_type=\"column\" data-e-type=\"column\">\n\t\t\t<div class=\"elementor-widget-wrap elementor-element-populated\">\n\t\t\t\t\t\t<div class=\"elementor-element elementor-element-d54ed50 elementor-widget-divider--view-line elementor-widget elementor-widget-divider\" data-id=\"d54ed50\" data-element_type=\"widget\" data-e-type=\"widget\" data-widget_type=\"divider.default\">\n\t\t\t\t<div class=\"elementor-widget-container\">\n\t\t\t\t\t\t\t<div class=\"elementor-divider\">\n\t\t\t<span class=\"elementor-divider-separator\">\n\t\t\t\t\t\t<\/span>\n\t\t<\/div>\n\t\t\t\t\t\t<\/div>\n\t\t\t\t<\/div>\n\t\t\t\t\t<\/div>\n\t\t<\/div>\n\t\t\t\t\t<\/div>\n\t\t<\/section>\n\t\t\t\t<section class=\"elementor-section elementor-top-section elementor-element elementor-element-377301c elementor-section-boxed elementor-section-height-default elementor-section-height-default\" data-id=\"377301c\" data-element_type=\"section\" data-e-type=\"section\">\n\t\t\t\t\t\t<div class=\"elementor-container elementor-column-gap-default\">\n\t\t\t\t\t<div class=\"elementor-column elementor-col-100 elementor-top-column elementor-element elementor-element-411a15d\" data-id=\"411a15d\" data-element_type=\"column\" data-e-type=\"column\">\n\t\t\t<div class=\"elementor-widget-wrap elementor-element-populated\">\n\t\t\t\t\t\t<div class=\"elementor-element elementor-element-d8cba55 elementor-widget elementor-widget-image\" data-id=\"d8cba55\" data-element_type=\"widget\" data-e-type=\"widget\" data-widget_type=\"image.default\">\n\t\t\t\t<div class=\"elementor-widget-container\">\n\t\t\t\t\t\t\t\t\t\t\t\t\t\t\t<img decoding=\"async\" width=\"654\" height=\"654\" src=\"https:\/\/acrylicone.academy\/wp-content\/uploads\/2022\/10\/Icoon_TDS-1.jpg\" class=\"attachment-large size-large wp-image-4587\" alt=\"\" srcset=\"https:\/\/acrylicone.academy\/wp-content\/uploads\/2022\/10\/Icoon_TDS-1.jpg 654w, https:\/\/acrylicone.academy\/wp-content\/uploads\/2022\/10\/Icoon_TDS-1-300x300.jpg 300w, https:\/\/acrylicone.academy\/wp-content\/uploads\/2022\/10\/Icoon_TDS-1-150x150.jpg 150w, https:\/\/acrylicone.academy\/wp-content\/uploads\/2022\/10\/Icoon_TDS-1-600x600.jpg 600w, https:\/\/acrylicone.academy\/wp-content\/uploads\/2022\/10\/Icoon_TDS-1-640x640.jpg 640w, https:\/\/acrylicone.academy\/wp-content\/uploads\/2022\/10\/Icoon_TDS-1-400x400.jpg 400w, https:\/\/acrylicone.academy\/wp-content\/uploads\/2022\/10\/Icoon_TDS-1-560x560.jpg 560w, https:\/\/acrylicone.academy\/wp-content\/uploads\/2022\/10\/Icoon_TDS-1-367x367.jpg 367w, https:\/\/acrylicone.academy\/wp-content\/uploads\/2022\/10\/Icoon_TDS-1-85x85.jpg 85w, https:\/\/acrylicone.academy\/wp-content\/uploads\/2022\/10\/Icoon_TDS-1-32x32.jpg 32w, https:\/\/acrylicone.academy\/wp-content\/uploads\/2022\/10\/elementor\/thumbs\/Icoon_TDS-1-pwqgaeubhccxfeke8o7kkxeretxxf5fwtss9s0u1uw.jpg 100w\" sizes=\"(max-width: 654px) 100vw, 654px\" \/>\t\t\t\t\t\t\t\t\t\t\t\t\t\t\t<\/div>\n\t\t\t\t<\/div>\n\t\t\t\t\t<\/div>\n\t\t<\/div>\n\t\t\t\t\t<\/div>\n\t\t<\/section>\n\t\t\t\t<section class=\"elementor-section elementor-top-section elementor-element elementor-element-be119c4 elementor-section-boxed elementor-section-height-default elementor-section-height-default\" data-id=\"be119c4\" data-element_type=\"section\" data-e-type=\"section\">\n\t\t\t\t\t\t<div class=\"elementor-container elementor-column-gap-default\">\n\t\t\t\t\t<div class=\"elementor-column elementor-col-100 elementor-top-column elementor-element elementor-element-dd21799\" data-id=\"dd21799\" data-element_type=\"column\" data-e-type=\"column\">\n\t\t\t<div class=\"elementor-widget-wrap elementor-element-populated\">\n\t\t\t\t\t\t<div class=\"elementor-element elementor-element-48acbcd elementor-widget elementor-widget-heading\" data-id=\"48acbcd\" data-element_type=\"widget\" data-e-type=\"widget\" id=\"tds\" data-widget_type=\"heading.default\">\n\t\t\t\t<div class=\"elementor-widget-container\">\n\t\t\t\t\t<h2 class=\"elementor-heading-title elementor-size-default\">Fiche technique<\/h2>\t\t\t\t<\/div>\n\t\t\t\t<\/div>\n\t\t\t\t\t<\/div>\n\t\t<\/div>\n\t\t\t\t\t<\/div>\n\t\t<\/section>\n\t\t\t\t<section class=\"elementor-section elementor-top-section elementor-element elementor-element-27a0300 elementor-section-boxed elementor-section-height-default elementor-section-height-default\" data-id=\"27a0300\" data-element_type=\"section\" data-e-type=\"section\">\n\t\t\t\t\t\t<div class=\"elementor-container elementor-column-gap-default\">\n\t\t\t\t\t<div class=\"elementor-column elementor-col-50 elementor-top-column elementor-element elementor-element-787f3ca\" data-id=\"787f3ca\" data-element_type=\"column\" data-e-type=\"column\">\n\t\t\t<div class=\"elementor-widget-wrap\">\n\t\t\t\t\t\t\t<\/div>\n\t\t<\/div>\n\t\t\t\t<div class=\"elementor-column elementor-col-50 elementor-top-column elementor-element elementor-element-c6c7f43\" data-id=\"c6c7f43\" data-element_type=\"column\" data-e-type=\"column\">\n\t\t\t<div class=\"elementor-widget-wrap elementor-element-populated\">\n\t\t\t\t\t\t<div class=\"elementor-element elementor-element-334bf1f elementor-widget elementor-widget-text-editor\" data-id=\"334bf1f\" data-element_type=\"widget\" data-e-type=\"widget\" data-widget_type=\"text-editor.default\">\n\t\t\t\t<div class=\"elementor-widget-container\">\n\t\t\t\t\t\t\t\t\t<p>\n            <strong>ANGLAIS<\/strong>\n          <\/p>\n<p><a href=\"https:\/\/acrylicone.academy\/wp-content\/uploads\/2022\/10\/TDS_A1-IMO-1.pdf\" target=\"_blank\" rel=\"noopener\">TDS &#8211; A1<\/a><a href=\"https:\/\/acrylicone.academy\/wp-content\/uploads\/2022\/10\/TDS_A1-IMO.pdf\" target=\"_blank\" rel=\"noopener\"><br \/>TDS &#8211; A1 IMO<\/a><a href=\"https:\/\/acrylicone.academy\/wp-content\/uploads\/2022\/10\/MSDS_A1_LP01_Liquid.pdf\" target=\"_blank\" rel=\"noopener\"><br \/>\n  <br \/>\n<\/a><a href=\"https:\/\/acrylicone.academy\/wp-content\/uploads\/2022\/10\/29072019_TDS_A1-ROTACAST_LR.pdf\" target=\"_blank\" rel=\"noopener\">TDS &#8211; A1 Rotacast<\/a><\/p>\n\t\t\t\t\t\t\t\t<\/div>\n\t\t\t\t<\/div>\n\t\t\t\t\t<\/div>\n\t\t<\/div>\n\t\t\t\t\t<\/div>\n\t\t<\/section>\n\t\t\t\t<\/div>\n\t\t","protected":false},"excerpt":{"rendered":"<p>Fiches de donn\u00e9es de s\u00e9curit\u00e9 et fiches techniques Fiches de donn\u00e9es de s\u00e9curit\u00e9 FICHE DE DONN\u00c9ES DE S\u00c9CURIT\u00c9 TDS ANGLAIS A1 LP01 Liquide A1 LP01 Poudre A1 ATP en poudre A1 Diluant A1 Retardateur A1 Sealer_Plus A1 LP01 Thix A A1 LP01 Thix B A1 Fibre triaxiale 160-300 Acc\u00e9l\u00e9rateur A1 Pigments A1 DEUTSCH A1 LP01 [&hellip;]<\/p>\n","protected":false},"author":1,"featured_media":8880,"parent":0,"menu_order":0,"comment_status":"closed","ping_status":"closed","template":"","meta":{"footnotes":""},"class_list":["post-7577","page","type-page","status-publish","has-post-thumbnail","hentry"],"aioseo_notices":[],"_links":{"self":[{"href":"https:\/\/acrylicone.academy\/fr\/wp-json\/wp\/v2\/pages\/7577","targetHints":{"allow":["GET"]}}],"collection":[{"href":"https:\/\/acrylicone.academy\/fr\/wp-json\/wp\/v2\/pages"}],"about":[{"href":"https:\/\/acrylicone.academy\/fr\/wp-json\/wp\/v2\/types\/page"}],"author":[{"embeddable":true,"href":"https:\/\/acrylicone.academy\/fr\/wp-json\/wp\/v2\/users\/1"}],"replies":[{"embeddable":true,"href":"https:\/\/acrylicone.academy\/fr\/wp-json\/wp\/v2\/comments?post=7577"}],"version-history":[{"count":0,"href":"https:\/\/acrylicone.academy\/fr\/wp-json\/wp\/v2\/pages\/7577\/revisions"}],"wp:featuredmedia":[{"embeddable":true,"href":"https:\/\/acrylicone.academy\/fr\/wp-json\/wp\/v2\/media\/8880"}],"wp:attachment":[{"href":"https:\/\/acrylicone.academy\/fr\/wp-json\/wp\/v2\/media?parent=7577"}],"curies":[{"name":"wp","href":"https:\/\/api.w.org\/{rel}","templated":true}]}}