{"id":7744,"date":"2022-12-06T08:08:42","date_gmt":"2022-12-06T08:08:42","guid":{"rendered":"https:\/\/acrylicone.academy\/pigmentation-de-la1\/"},"modified":"2024-10-23T19:09:29","modified_gmt":"2024-10-23T19:09:29","slug":"pigmentation-de-la1","status":"publish","type":"page","link":"https:\/\/acrylicone.academy\/fr\/pigmentation-de-la1\/","title":{"rendered":"A1 Academy | Pigmentation de A1"},"content":{"rendered":"\t\t<div data-elementor-type=\"wp-page\" data-elementor-id=\"7744\" class=\"elementor elementor-7744 elementor-1639\" data-elementor-post-type=\"page\">\n\t\t\t\t\t\t<section class=\"elementor-section elementor-top-section elementor-element elementor-element-23943fe elementor-section-boxed elementor-section-height-default elementor-section-height-default\" data-id=\"23943fe\" data-element_type=\"section\" data-e-type=\"section\">\n\t\t\t\t\t\t<div class=\"elementor-container elementor-column-gap-default\">\n\t\t\t\t\t<div class=\"elementor-column elementor-col-50 elementor-top-column elementor-element elementor-element-2cae4b8\" data-id=\"2cae4b8\" data-element_type=\"column\" data-e-type=\"column\">\n\t\t\t<div class=\"elementor-widget-wrap elementor-element-populated\">\n\t\t\t\t\t\t<div class=\"elementor-element elementor-element-7822574 elementor-widget elementor-widget-heading\" data-id=\"7822574\" data-element_type=\"widget\" data-e-type=\"widget\" data-widget_type=\"heading.default\">\n\t\t\t\t<div class=\"elementor-widget-container\">\n\t\t\t\t\t<h1 class=\"elementor-heading-title elementor-size-default\">Pigmentation de l'A1<\/h1>\t\t\t\t<\/div>\n\t\t\t\t<\/div>\n\t\t\t\t\t<\/div>\n\t\t<\/div>\n\t\t\t\t<div class=\"elementor-column elementor-col-50 elementor-top-column elementor-element elementor-element-7218f02\" data-id=\"7218f02\" data-element_type=\"column\" data-e-type=\"column\">\n\t\t\t<div class=\"elementor-widget-wrap\">\n\t\t\t\t\t\t\t<\/div>\n\t\t<\/div>\n\t\t\t\t\t<\/div>\n\t\t<\/section>\n\t\t\t\t<section class=\"elementor-section elementor-top-section elementor-element elementor-element-33ad0d0 elementor-section-boxed elementor-section-height-default elementor-section-height-default\" data-id=\"33ad0d0\" data-element_type=\"section\" data-e-type=\"section\">\n\t\t\t\t\t\t<div class=\"elementor-container elementor-column-gap-default\">\n\t\t\t\t\t<div class=\"elementor-column elementor-col-100 elementor-top-column elementor-element elementor-element-9066894\" data-id=\"9066894\" data-element_type=\"column\" data-e-type=\"column\">\n\t\t\t<div class=\"elementor-widget-wrap elementor-element-populated\">\n\t\t\t\t\t\t<section class=\"elementor-section elementor-inner-section elementor-element elementor-element-d9b4d79 elementor-section-boxed elementor-section-height-default elementor-section-height-default\" data-id=\"d9b4d79\" data-element_type=\"section\" data-e-type=\"section\">\n\t\t\t\t\t\t<div class=\"elementor-container elementor-column-gap-default\">\n\t\t\t\t\t<div class=\"elementor-column elementor-col-33 elementor-inner-column elementor-element elementor-element-c76cb65\" data-id=\"c76cb65\" data-element_type=\"column\" data-e-type=\"column\" data-settings=\"{&quot;background_background&quot;:&quot;classic&quot;}\">\n\t\t\t<div class=\"elementor-widget-wrap elementor-element-populated\">\n\t\t\t\t\t\t<div class=\"elementor-element elementor-element-059768f elementor-widget elementor-widget-text-editor\" data-id=\"059768f\" data-element_type=\"widget\" data-e-type=\"widget\" data-widget_type=\"text-editor.default\">\n\t\t\t\t<div class=\"elementor-widget-container\">\n\t\t\t\t\t\t\t\t\t<p><span style=\"color: #000000;\"><strong><span style=\"font-size: 18px;\">1.0 A1 Pigments.<\/span><\/strong><\/span><br \/>La couleur de base de l&rsquo;A1 est le blanc ivoire. Si vous le souhaitez, nous disposons de pigments adapt\u00e9s \u00e0 l&rsquo;A1 en 10 couleurs, avec lesquels l&rsquo;A1 peut \u00eatre color\u00e9 de part en part.<\/p><p>Ces pigments sont tr\u00e8s concentr\u00e9s et sont ajout\u00e9s \u00e0 hauteur de 2 % maximum \u00e0 l&rsquo;A1. Souvent, une dose plus faible est suffisante pour obtenir le r\u00e9sultat souhait\u00e9.<\/p>\t\t\t\t\t\t\t\t<\/div>\n\t\t\t\t<\/div>\n\t\t\t\t\t<\/div>\n\t\t<\/div>\n\t\t\t\t<div class=\"elementor-column elementor-col-33 elementor-inner-column elementor-element elementor-element-63bcb1a\" data-id=\"63bcb1a\" data-element_type=\"column\" data-e-type=\"column\" data-settings=\"{&quot;background_background&quot;:&quot;classic&quot;}\">\n\t\t\t<div class=\"elementor-widget-wrap elementor-element-populated\">\n\t\t\t\t\t\t<div class=\"elementor-element elementor-element-656ccfd elementor-widget elementor-widget-image\" data-id=\"656ccfd\" data-element_type=\"widget\" data-e-type=\"widget\" data-widget_type=\"image.default\">\n\t\t\t\t<div class=\"elementor-widget-container\">\n\t\t\t\t\t\t\t\t\t\t\t\t\t\t\t<img fetchpriority=\"high\" decoding=\"async\" width=\"500\" height=\"365\" src=\"https:\/\/acrylicone.academy\/wp-content\/uploads\/2023\/01\/10xPigmentklein.jpg\" class=\"attachment-large size-large wp-image-5675\" alt=\"\" srcset=\"https:\/\/acrylicone.academy\/wp-content\/uploads\/2023\/01\/10xPigmentklein.jpg 500w, https:\/\/acrylicone.academy\/wp-content\/uploads\/2023\/01\/10xPigmentklein-300x219.jpg 300w, https:\/\/acrylicone.academy\/wp-content\/uploads\/2023\/01\/10xPigmentklein-400x292.jpg 400w, https:\/\/acrylicone.academy\/wp-content\/uploads\/2023\/01\/10xPigmentklein-367x268.jpg 367w\" sizes=\"(max-width: 500px) 100vw, 500px\" \/>\t\t\t\t\t\t\t\t\t\t\t\t\t\t\t<\/div>\n\t\t\t\t<\/div>\n\t\t\t\t\t<\/div>\n\t\t<\/div>\n\t\t\t\t<div class=\"elementor-column elementor-col-33 elementor-inner-column elementor-element elementor-element-0208a23\" data-id=\"0208a23\" data-element_type=\"column\" data-e-type=\"column\" data-settings=\"{&quot;background_background&quot;:&quot;classic&quot;}\">\n\t\t\t<div class=\"elementor-widget-wrap elementor-element-populated\">\n\t\t\t\t\t\t<div class=\"elementor-element elementor-element-87cd642 elementor-widget elementor-widget-image\" data-id=\"87cd642\" data-element_type=\"widget\" data-e-type=\"widget\" data-widget_type=\"image.default\">\n\t\t\t\t<div class=\"elementor-widget-container\">\n\t\t\t\t\t\t\t\t\t\t\t\t\t\t\t<img decoding=\"async\" width=\"800\" height=\"444\" src=\"https:\/\/acrylicone.academy\/wp-content\/uploads\/2023\/02\/Pigmenten_HR_web.jpg\" class=\"attachment-large size-large wp-image-6734\" alt=\"\" srcset=\"https:\/\/acrylicone.academy\/wp-content\/uploads\/2023\/02\/Pigmenten_HR_web.jpg 1000w, https:\/\/acrylicone.academy\/wp-content\/uploads\/2023\/02\/Pigmenten_HR_web-300x167.jpg 300w, https:\/\/acrylicone.academy\/wp-content\/uploads\/2023\/02\/Pigmenten_HR_web-768x426.jpg 768w, https:\/\/acrylicone.academy\/wp-content\/uploads\/2023\/02\/Pigmenten_HR_web-640x355.jpg 640w, https:\/\/acrylicone.academy\/wp-content\/uploads\/2023\/02\/Pigmenten_HR_web-400x222.jpg 400w, https:\/\/acrylicone.academy\/wp-content\/uploads\/2023\/02\/Pigmenten_HR_web-367x204.jpg 367w\" sizes=\"(max-width: 800px) 100vw, 800px\" \/>\t\t\t\t\t\t\t\t\t\t\t\t\t\t\t<\/div>\n\t\t\t\t<\/div>\n\t\t\t\t\t<\/div>\n\t\t<\/div>\n\t\t\t\t\t<\/div>\n\t\t<\/section>\n\t\t\t\t<section class=\"elementor-section elementor-inner-section elementor-element elementor-element-4d1d4e2 elementor-section-boxed elementor-section-height-default elementor-section-height-default\" data-id=\"4d1d4e2\" data-element_type=\"section\" data-e-type=\"section\">\n\t\t\t\t\t\t<div class=\"elementor-container elementor-column-gap-default\">\n\t\t\t\t\t<div class=\"elementor-column elementor-col-33 elementor-inner-column elementor-element elementor-element-8ee00a1\" data-id=\"8ee00a1\" data-element_type=\"column\" data-e-type=\"column\">\n\t\t\t<div class=\"elementor-widget-wrap elementor-element-populated\">\n\t\t\t\t\t\t<div class=\"elementor-element elementor-element-e94d0dd elementor-widget elementor-widget-text-editor\" data-id=\"e94d0dd\" data-element_type=\"widget\" data-e-type=\"widget\" data-widget_type=\"text-editor.default\">\n\t\t\t\t<div class=\"elementor-widget-container\">\n\t\t\t\t\t\t\t\t\t<p><span style=\"color: #000000;\"><strong><span style=\"font-size: 18px;\">2.0 Couleurs RAL.<\/span><\/strong><\/span><br \/>Les pigments A1 peuvent \u00eatre m\u00e9lang\u00e9s entre eux de mani\u00e8re \u00e0 obtenir presque toutes les couleurs RAL. Nous disposons de la plupart des formules de couleurs RAL.<\/p>\t\t\t\t\t\t\t\t<\/div>\n\t\t\t\t<\/div>\n\t\t\t\t\t<\/div>\n\t\t<\/div>\n\t\t\t\t<div class=\"elementor-column elementor-col-33 elementor-inner-column elementor-element elementor-element-a232189\" data-id=\"a232189\" data-element_type=\"column\" data-e-type=\"column\">\n\t\t\t<div class=\"elementor-widget-wrap elementor-element-populated\">\n\t\t\t\t\t\t<div class=\"elementor-element elementor-element-6934c30 elementor-widget elementor-widget-image\" data-id=\"6934c30\" data-element_type=\"widget\" data-e-type=\"widget\" data-widget_type=\"image.default\">\n\t\t\t\t<div class=\"elementor-widget-container\">\n\t\t\t\t\t\t\t\t\t\t\t\t\t\t\t<img decoding=\"async\" width=\"500\" height=\"475\" src=\"https:\/\/acrylicone.academy\/wp-content\/uploads\/2022\/12\/20181121_124014-aangepast_klein.jpg\" class=\"attachment-large size-large wp-image-4943\" alt=\"\" srcset=\"https:\/\/acrylicone.academy\/wp-content\/uploads\/2022\/12\/20181121_124014-aangepast_klein.jpg 500w, https:\/\/acrylicone.academy\/wp-content\/uploads\/2022\/12\/20181121_124014-aangepast_klein-300x285.jpg 300w, https:\/\/acrylicone.academy\/wp-content\/uploads\/2022\/12\/20181121_124014-aangepast_klein-400x380.jpg 400w, https:\/\/acrylicone.academy\/wp-content\/uploads\/2022\/12\/20181121_124014-aangepast_klein-367x349.jpg 367w\" sizes=\"(max-width: 500px) 100vw, 500px\" \/>\t\t\t\t\t\t\t\t\t\t\t\t\t\t\t<\/div>\n\t\t\t\t<\/div>\n\t\t\t\t\t<\/div>\n\t\t<\/div>\n\t\t\t\t<div class=\"elementor-column elementor-col-33 elementor-inner-column elementor-element elementor-element-e5efd16\" data-id=\"e5efd16\" data-element_type=\"column\" data-e-type=\"column\">\n\t\t\t<div class=\"elementor-widget-wrap\">\n\t\t\t\t\t\t\t<\/div>\n\t\t<\/div>\n\t\t\t\t\t<\/div>\n\t\t<\/section>\n\t\t\t\t<section class=\"elementor-section elementor-inner-section elementor-element elementor-element-ed2e8b5 elementor-section-boxed elementor-section-height-default elementor-section-height-default\" data-id=\"ed2e8b5\" data-element_type=\"section\" data-e-type=\"section\">\n\t\t\t\t\t\t<div class=\"elementor-container elementor-column-gap-default\">\n\t\t\t\t\t<div class=\"elementor-column elementor-col-50 elementor-inner-column elementor-element elementor-element-29a8819\" data-id=\"29a8819\" data-element_type=\"column\" data-e-type=\"column\">\n\t\t\t<div class=\"elementor-widget-wrap elementor-element-populated\">\n\t\t\t\t\t\t<div class=\"elementor-element elementor-element-65d1540 elementor-widget elementor-widget-text-editor\" data-id=\"65d1540\" data-element_type=\"widget\" data-e-type=\"widget\" data-widget_type=\"text-editor.default\">\n\t\t\t\t<div class=\"elementor-widget-container\">\n\t\t\t\t\t\t\t\t\t<p><span style=\"color: #000000;\"><strong><span style=\"font-size: 18px;\">3.0 Si vous avez besoin d&rsquo;une couleur constante.<br \/><\/span><\/strong><\/span>La poudre A1 \u00e9tant un mat\u00e9riau naturel, il est impossible d&rsquo;obtenir une couleur 100% identique pour tous les produits. Il existe de l\u00e9g\u00e8res diff\u00e9rences de couleur entre les diff\u00e9rents \u00e9l\u00e9ments A1.<\/p><p>Pour minimiser la diff\u00e9rence de couleur, nous conseillons :<\/p><ul><li>Travailler avec un seul lot de pigments pour \u00e9viter au maximum les diff\u00e9rences de couleur.<\/li><li>Surtout si une couleur constante est requise pour des projets de grande envergure, d&rsquo;ajouter \u00e0 l&rsquo;avance tous les pigments de couleur au total du liquide A1 requis.<\/li><\/ul>\t\t\t\t\t\t\t\t<\/div>\n\t\t\t\t<\/div>\n\t\t\t\t\t<\/div>\n\t\t<\/div>\n\t\t\t\t<div class=\"elementor-column elementor-col-50 elementor-inner-column elementor-element elementor-element-ea5636f\" data-id=\"ea5636f\" data-element_type=\"column\" data-e-type=\"column\">\n\t\t\t<div class=\"elementor-widget-wrap elementor-element-populated\">\n\t\t\t\t\t\t<div class=\"elementor-element elementor-element-0ebcc75 elementor-widget elementor-widget-video\" data-id=\"0ebcc75\" data-element_type=\"widget\" data-e-type=\"widget\" data-settings=\"{&quot;youtube_url&quot;:&quot;https:\\\/\\\/youtu.be\\\/022a-S3Sojo&quot;,&quot;video_type&quot;:&quot;youtube&quot;,&quot;controls&quot;:&quot;yes&quot;}\" data-widget_type=\"video.default\">\n\t\t\t\t<div class=\"elementor-widget-container\">\n\t\t\t\t\t\t\t<div class=\"elementor-wrapper elementor-open-inline\">\n\t\t\t<div class=\"elementor-video\"><\/div>\t\t<\/div>\n\t\t\t\t\t\t<\/div>\n\t\t\t\t<\/div>\n\t\t\t\t\t<\/div>\n\t\t<\/div>\n\t\t\t\t\t<\/div>\n\t\t<\/section>\n\t\t\t\t\t<\/div>\n\t\t<\/div>\n\t\t\t\t\t<\/div>\n\t\t<\/section>\n\t\t\t\t<section class=\"elementor-section elementor-top-section elementor-element elementor-element-fde89bb elementor-section-boxed elementor-section-height-default elementor-section-height-default\" data-id=\"fde89bb\" data-element_type=\"section\" data-e-type=\"section\" data-settings=\"{&quot;background_background&quot;:&quot;classic&quot;}\">\n\t\t\t\t\t\t<div class=\"elementor-container elementor-column-gap-default\">\n\t\t\t\t\t<div class=\"elementor-column elementor-col-100 elementor-top-column elementor-element elementor-element-7f25a0d\" data-id=\"7f25a0d\" data-element_type=\"column\" data-e-type=\"column\">\n\t\t\t<div class=\"elementor-widget-wrap elementor-element-populated\">\n\t\t\t\t\t\t<section class=\"elementor-section elementor-inner-section elementor-element elementor-element-39f4e97 elementor-section-boxed elementor-section-height-default elementor-section-height-default\" data-id=\"39f4e97\" data-element_type=\"section\" data-e-type=\"section\">\n\t\t\t\t\t\t<div class=\"elementor-container elementor-column-gap-default\">\n\t\t\t\t\t<div class=\"elementor-column elementor-col-33 elementor-inner-column elementor-element elementor-element-a14ab9c\" data-id=\"a14ab9c\" data-element_type=\"column\" data-e-type=\"column\">\n\t\t\t<div class=\"elementor-widget-wrap elementor-element-populated\">\n\t\t\t\t\t\t<div class=\"elementor-element elementor-element-78b7308 elementor-widget elementor-widget-text-editor\" data-id=\"78b7308\" data-element_type=\"widget\" data-e-type=\"widget\" data-widget_type=\"text-editor.default\">\n\t\t\t\t<div class=\"elementor-widget-container\">\n\t\t\t\t\t\t\t\t\t<p><span style=\"color: #000000;\"><strong><span style=\"font-size: 18px;\">4.0 Je veux que mon A1 soit plus blanc.<br \/><\/span><\/strong><\/span>Le blanc est disponible dans de nombreuses couleurs et est souvent l&rsquo;une des couleurs les plus difficiles \u00e0 r\u00e9aliser. Voici quelques suggestions pour obtenir l&rsquo;aspect blanc d\u00e9sir\u00e9 :<\/p><ul><li>Utiliser notre version <strong>A1 Extra White<\/strong>, cependant nous ne recommandons pas l&rsquo;utilisation de A1 Extra White pour les objets A1 en ext\u00e9rieur.<\/li><li>Ajouter au maximum 2% de pigment blanc \u00e0 l&rsquo;A1.<\/li><li>Pour la finition, m\u00e9langer A1 Sealer PLUS avec un pigment blanc et appliquer en 1 ou plusieurs couches fines sur l&rsquo;objet A1. Terminer par une couche non pigment\u00e9e de A1 Sealer PLUS.<\/li><li>Une combinaison des possibilit\u00e9s ci-dessus.<\/li><\/ul>\t\t\t\t\t\t\t\t<\/div>\n\t\t\t\t<\/div>\n\t\t\t\t<div class=\"elementor-element elementor-element-6b576d1 elementor-widget elementor-widget-text-editor\" data-id=\"6b576d1\" data-element_type=\"widget\" data-e-type=\"widget\" data-widget_type=\"text-editor.default\">\n\t\t\t\t<div class=\"elementor-widget-container\">\n\t\t\t\t\t\t\t\t\t<p><span style=\"font-size: 18px; color: #000000;\"><strong>5.0 Chaleur et couleur.<br \/><\/strong><\/span>Les couleurs fonc\u00e9es absorbent plus de chaleur que les couleurs claires. Ce ph\u00e9nom\u00e8ne se produit \u00e9galement avec des objets A1 de couleur fonc\u00e9e.<\/p><p>Bien qu&rsquo;elles n&rsquo;affectent pas la qualit\u00e9 de l&rsquo;objet A1, ces temp\u00e9ratures \u00e9lev\u00e9es peuvent affecter les mat\u00e9riaux et la construction utilis\u00e9s dans l&rsquo;objet A1.<\/p>\t\t\t\t\t\t\t\t<\/div>\n\t\t\t\t<\/div>\n\t\t\t\t\t<\/div>\n\t\t<\/div>\n\t\t\t\t<div class=\"elementor-column elementor-col-33 elementor-inner-column elementor-element elementor-element-b17a8d0\" data-id=\"b17a8d0\" data-element_type=\"column\" data-e-type=\"column\" data-settings=\"{&quot;background_background&quot;:&quot;classic&quot;}\">\n\t\t\t<div class=\"elementor-widget-wrap elementor-element-populated\">\n\t\t\t\t\t\t<div class=\"elementor-element elementor-element-df7f8ff elementor-widget elementor-widget-text-editor\" data-id=\"df7f8ff\" data-element_type=\"widget\" data-e-type=\"widget\" data-widget_type=\"text-editor.default\">\n\t\t\t\t<div class=\"elementor-widget-container\">\n\t\t\t\t\t\t\t\t\t<p><span style=\"color: #000000;\"><strong><span style=\"font-size: 18px;\">6.0 Pigments provenant d&rsquo;autres fournisseurs.<\/span><\/strong><\/span><br \/>Tr\u00e8s r\u00e9guli\u00e8rement, on nous demande s&rsquo;il est possible d&rsquo;utiliser des pigments d&rsquo;autres fournisseurs pour colorer A1. Nous devons toujours r\u00e9pondre \u00ab\u00a0nous ne savons pas, car il existe de nombreux pigments diff\u00e9rents et, dans certains cas, ces pigments peuvent affecter la qualit\u00e9 de l&rsquo;A1, allant du ralentissement\/blocage du processus de durcissement \u00e0 la diminution de la r\u00e9sistance aux intemp\u00e9ries\u00a0\u00bb.<\/p><p>C&rsquo;est pourquoi nous vous conseillons <strong>a)<\/strong> d&rsquo;utiliser nos pigments A1 test\u00e9s ou<strong> b)<\/strong> de tester ces pigments vous-m\u00eames \u00e0 l&rsquo;avance.<\/p><p>Bien entendu, les pigments doivent \u00e9galement \u00eatre \u00e0 base d&rsquo;eau ou en poudre.<\/p>\t\t\t\t\t\t\t\t<\/div>\n\t\t\t\t<\/div>\n\t\t\t\t<div class=\"elementor-element elementor-element-c0582a1 elementor-widget elementor-widget-text-editor\" data-id=\"c0582a1\" data-element_type=\"widget\" data-e-type=\"widget\" data-widget_type=\"text-editor.default\">\n\t\t\t\t<div class=\"elementor-widget-container\">\n\t\t\t\t\t\t\t\t\t<p><span style=\"font-size: 18px; color: #000000;\"><strong>7.0 Le produit A1 est-il stable aux UV apr\u00e8s exposition?<\/strong><\/span><br \/>Les pigments A1 actuels sont stables aux UV pendant une p\u00e9riode consid\u00e9rable. Toutefois, l&rsquo;A1 contenant des pigments change de couleur sous l&rsquo;influence des conditions m\u00e9t\u00e9orologiques. Il est difficile de dire dans quelle mesure, car cela d\u00e9pend de l&rsquo;intensit\u00e9 de l&rsquo;influence m\u00e9t\u00e9orologique sur l&rsquo;objet A1, de l&rsquo;utilisation d&rsquo;un scellant ou d&rsquo;un syst\u00e8me de rev\u00eatement, du pourcentage de pigment utilis\u00e9 et de la couleur du pigment.<\/p>\t\t\t\t\t\t\t\t<\/div>\n\t\t\t\t<\/div>\n\t\t\t\t\t<\/div>\n\t\t<\/div>\n\t\t\t\t<div class=\"elementor-column elementor-col-33 elementor-inner-column elementor-element elementor-element-4059085\" data-id=\"4059085\" data-element_type=\"column\" data-e-type=\"column\">\n\t\t\t<div class=\"elementor-widget-wrap elementor-element-populated\">\n\t\t\t\t\t\t<div class=\"elementor-element elementor-element-0b9dc31 elementor-widget elementor-widget-image\" data-id=\"0b9dc31\" data-element_type=\"widget\" data-e-type=\"widget\" data-widget_type=\"image.default\">\n\t\t\t\t<div class=\"elementor-widget-container\">\n\t\t\t\t\t\t\t\t\t\t\t\t\t\t\t<img loading=\"lazy\" decoding=\"async\" width=\"617\" height=\"617\" src=\"https:\/\/acrylicone.academy\/wp-content\/uploads\/2022\/12\/Acrylic-paint.jpg\" class=\"attachment-large size-large wp-image-5027\" alt=\"\" srcset=\"https:\/\/acrylicone.academy\/wp-content\/uploads\/2022\/12\/Acrylic-paint.jpg 617w, https:\/\/acrylicone.academy\/wp-content\/uploads\/2022\/12\/Acrylic-paint-300x300.jpg 300w, https:\/\/acrylicone.academy\/wp-content\/uploads\/2022\/12\/Acrylic-paint-150x150.jpg 150w, https:\/\/acrylicone.academy\/wp-content\/uploads\/2022\/12\/Acrylic-paint-400x400.jpg 400w, https:\/\/acrylicone.academy\/wp-content\/uploads\/2022\/12\/Acrylic-paint-560x560.jpg 560w, https:\/\/acrylicone.academy\/wp-content\/uploads\/2022\/12\/Acrylic-paint-367x367.jpg 367w, https:\/\/acrylicone.academy\/wp-content\/uploads\/2022\/12\/Acrylic-paint-85x85.jpg 85w\" sizes=\"(max-width: 617px) 100vw, 617px\" \/>\t\t\t\t\t\t\t\t\t\t\t\t\t\t\t<\/div>\n\t\t\t\t<\/div>\n\t\t\t\t<div class=\"elementor-element elementor-element-749bd38 elementor-widget elementor-widget-text-editor\" data-id=\"749bd38\" data-element_type=\"widget\" data-e-type=\"widget\" data-widget_type=\"text-editor.default\">\n\t\t\t\t<div class=\"elementor-widget-container\">\n\t\t\t\t\t\t\t\t\t<p><span style=\"font-size: 18px; color: #000000;\"><strong>8.0 Quelle est la diff\u00e9rence de blanc entre l&rsquo;ajout de pigment blanc et l&rsquo;utilisation de la version A1 Extra White?<br \/><\/strong><\/span>Avec A1 Extra White, la poudre A1 a \u00e9t\u00e9 blanchie chimiquement. La poudre A1 standard a une couleur l\u00e9g\u00e8rement rouge\u00e2tre (variable selon les lots de poudre A1). Avec A1 Powder Extra White, cette couleur rouge\u00e2tre a \u00e9t\u00e9 \u00e9limin\u00e9e.<\/p><div><div>Les propri\u00e9t\u00e9s de l&rsquo;A1 Extra White changent \u00e9galement \u00e0 cause de cela et pour les applications ext\u00e9rieures, nous conseillons d&rsquo;utiliser notre A1 standard, \u00e9ventuellement en combinaison avec un pigment.<\/div><p>\u00a0<\/p><\/div>\t\t\t\t\t\t\t\t<\/div>\n\t\t\t\t<\/div>\n\t\t\t\t\t<\/div>\n\t\t<\/div>\n\t\t\t\t\t<\/div>\n\t\t<\/section>\n\t\t\t\t<section class=\"elementor-section elementor-inner-section elementor-element elementor-element-1a7607f elementor-section-boxed elementor-section-height-default elementor-section-height-default\" data-id=\"1a7607f\" data-element_type=\"section\" data-e-type=\"section\">\n\t\t\t\t\t\t<div class=\"elementor-container elementor-column-gap-default\">\n\t\t\t\t\t<div class=\"elementor-column elementor-col-50 elementor-inner-column elementor-element elementor-element-1b3cb14\" data-id=\"1b3cb14\" data-element_type=\"column\" data-e-type=\"column\">\n\t\t\t<div class=\"elementor-widget-wrap elementor-element-populated\">\n\t\t\t\t\t\t<div class=\"elementor-element elementor-element-2277844 elementor-widget elementor-widget-text-editor\" data-id=\"2277844\" data-element_type=\"widget\" data-e-type=\"widget\" data-widget_type=\"text-editor.default\">\n\t\t\t\t<div class=\"elementor-widget-container\">\n\t\t\t\t\t\t\t\t\t<p><span style=\"font-size: 18px; color: #000000;\"><strong>9.0 Comment cr\u00e9er un aspect concret?<\/strong><\/span><br>En utilisant A1 avec notre fibre de verre, il est possible de fabriquer des objets \u00ab\u00a0en b\u00e9ton\u00a0\u00bb qui sont minces et l\u00e9gers. Vous pouvez cr\u00e9er (presque) n&rsquo;importe quel aspect concret que vous recherchez.  <\/p>\n<p>L&rsquo;imitation de la structure du b\u00e9ton d\u00e9pend de votre moule. Veillez donc \u00e0 choisir un moule dont la structure correspond \u00e0 celle du b\u00e9ton que vous recherchez.<\/p>\n<p>La couleur du b\u00e9ton est d\u00e9termin\u00e9e par les pigments et les charges que vous utilisez. Le plus simple est de choisir une couleur sp\u00e9cifique (RAL) qui correspond \u00e0 la couleur du b\u00e9ton que vous souhaitez reproduire. En ajoutant du remplissage comme du sable gris, des pierres ou de la fillite, comme nous vous le montrons dans la vid\u00e9o, vous cr\u00e9ez une profondeur suppl\u00e9mentaire \u00e0 l&rsquo;aspect du b\u00e9ton.<\/p>\n<p>Bien entendu, n&rsquo;h\u00e9sitez pas \u00e0 exp\u00e9rimenter pour cr\u00e9er votre propre m\u00e9lange de b\u00e9ton.  <\/p>\t\t\t\t\t\t\t\t<\/div>\n\t\t\t\t<\/div>\n\t\t\t\t\t<\/div>\n\t\t<\/div>\n\t\t\t\t<div class=\"elementor-column elementor-col-50 elementor-inner-column elementor-element elementor-element-62ffd2b\" data-id=\"62ffd2b\" data-element_type=\"column\" data-e-type=\"column\" data-settings=\"{&quot;background_background&quot;:&quot;classic&quot;}\">\n\t\t\t<div class=\"elementor-widget-wrap elementor-element-populated\">\n\t\t\t\t\t\t<div class=\"elementor-element elementor-element-85b6b84 elementor-widget elementor-widget-video\" data-id=\"85b6b84\" data-element_type=\"widget\" data-e-type=\"widget\" data-settings=\"{&quot;youtube_url&quot;:&quot;https:\\\/\\\/youtu.be\\\/yg2hY2KjjrQ&quot;,&quot;video_type&quot;:&quot;youtube&quot;,&quot;controls&quot;:&quot;yes&quot;}\" data-widget_type=\"video.default\">\n\t\t\t\t<div class=\"elementor-widget-container\">\n\t\t\t\t\t\t\t<div class=\"elementor-wrapper elementor-open-inline\">\n\t\t\t<div class=\"elementor-video\"><\/div>\t\t<\/div>\n\t\t\t\t\t\t<\/div>\n\t\t\t\t<\/div>\n\t\t\t\t\t<\/div>\n\t\t<\/div>\n\t\t\t\t\t<\/div>\n\t\t<\/section>\n\t\t\t\t\t<\/div>\n\t\t<\/div>\n\t\t\t\t\t<\/div>\n\t\t<\/section>\n\t\t\t\t<section class=\"elementor-section elementor-top-section elementor-element elementor-element-3222049 elementor-section-height-min-height elementor-section-boxed elementor-section-height-default elementor-section-items-middle\" data-id=\"3222049\" data-element_type=\"section\" data-e-type=\"section\" data-settings=\"{&quot;background_background&quot;:&quot;slideshow&quot;,&quot;background_slideshow_gallery&quot;:[{&quot;id&quot;:1672,&quot;url&quot;:&quot;https:\\\/\\\/acrylicone.academy\\\/wp-content\\\/uploads\\\/2022\\\/12\\\/IMG_8234.jpg&quot;}],&quot;background_slideshow_slide_duration&quot;:5000,&quot;background_slideshow_slide_transition&quot;:&quot;fade&quot;,&quot;background_slideshow_transition_duration&quot;:500}\">\n\t\t\t\t\t\t<div class=\"elementor-container elementor-column-gap-default\">\n\t\t\t\t\t<div class=\"elementor-column elementor-col-100 elementor-top-column elementor-element elementor-element-3222aac\" data-id=\"3222aac\" data-element_type=\"column\" data-e-type=\"column\">\n\t\t\t<div class=\"elementor-widget-wrap\">\n\t\t\t\t\t\t\t<\/div>\n\t\t<\/div>\n\t\t\t\t\t<\/div>\n\t\t<\/section>\n\t\t\t\t<\/div>\n\t\t","protected":false},"excerpt":{"rendered":"<p>Pigmentation de l&rsquo;A1 1.0 A1 Pigments.La couleur de base de l&rsquo;A1 est le blanc ivoire. Si vous le souhaitez, nous disposons de pigments adapt\u00e9s \u00e0 l&rsquo;A1 en 10 couleurs, avec lesquels l&rsquo;A1 peut \u00eatre color\u00e9 de part en part. Ces pigments sont tr\u00e8s concentr\u00e9s et sont ajout\u00e9s \u00e0 hauteur de 2 % maximum \u00e0 l&rsquo;A1. [&hellip;]<\/p>\n","protected":false},"author":1,"featured_media":6734,"parent":0,"menu_order":0,"comment_status":"closed","ping_status":"closed","template":"","meta":{"footnotes":""},"class_list":["post-7744","page","type-page","status-publish","has-post-thumbnail","hentry"],"aioseo_notices":[],"_links":{"self":[{"href":"https:\/\/acrylicone.academy\/fr\/wp-json\/wp\/v2\/pages\/7744","targetHints":{"allow":["GET"]}}],"collection":[{"href":"https:\/\/acrylicone.academy\/fr\/wp-json\/wp\/v2\/pages"}],"about":[{"href":"https:\/\/acrylicone.academy\/fr\/wp-json\/wp\/v2\/types\/page"}],"author":[{"embeddable":true,"href":"https:\/\/acrylicone.academy\/fr\/wp-json\/wp\/v2\/users\/1"}],"replies":[{"embeddable":true,"href":"https:\/\/acrylicone.academy\/fr\/wp-json\/wp\/v2\/comments?post=7744"}],"version-history":[{"count":0,"href":"https:\/\/acrylicone.academy\/fr\/wp-json\/wp\/v2\/pages\/7744\/revisions"}],"wp:featuredmedia":[{"embeddable":true,"href":"https:\/\/acrylicone.academy\/fr\/wp-json\/wp\/v2\/media\/6734"}],"wp:attachment":[{"href":"https:\/\/acrylicone.academy\/fr\/wp-json\/wp\/v2\/media?parent=7744"}],"curies":[{"name":"wp","href":"https:\/\/api.w.org\/{rel}","templated":true}]}}