{"id":7834,"date":"2022-10-26T10:35:18","date_gmt":"2022-10-26T10:35:18","guid":{"rendered":"https:\/\/acrylicone.academy\/ou-acheter\/"},"modified":"2024-05-26T13:02:55","modified_gmt":"2024-05-26T13:02:55","slug":"ou-acheter","status":"publish","type":"page","link":"https:\/\/acrylicone.academy\/fr\/ou-acheter\/","title":{"rendered":"A1 Academy | O\u00f9 acheter A1"},"content":{"rendered":"\t\t<div data-elementor-type=\"wp-page\" data-elementor-id=\"7834\" class=\"elementor elementor-7834 elementor-552\" data-elementor-post-type=\"page\">\n\t\t\t\t\t\t<section class=\"elementor-section elementor-top-section elementor-element elementor-element-068fd1b elementor-section-boxed elementor-section-height-default elementor-section-height-default\" data-id=\"068fd1b\" data-element_type=\"section\" data-e-type=\"section\">\n\t\t\t\t\t\t<div class=\"elementor-container elementor-column-gap-default\">\n\t\t\t\t\t<div class=\"elementor-column elementor-col-100 elementor-top-column elementor-element elementor-element-f935f92\" data-id=\"f935f92\" data-element_type=\"column\" data-e-type=\"column\">\n\t\t\t<div class=\"elementor-widget-wrap elementor-element-populated\">\n\t\t\t\t\t\t<section class=\"elementor-section elementor-inner-section elementor-element elementor-element-0ea5c20 elementor-section-boxed elementor-section-height-default elementor-section-height-default\" data-id=\"0ea5c20\" data-element_type=\"section\" data-e-type=\"section\">\n\t\t\t\t\t\t<div class=\"elementor-container elementor-column-gap-default\">\n\t\t\t\t\t<div class=\"elementor-column elementor-col-50 elementor-inner-column elementor-element elementor-element-4c018ff\" data-id=\"4c018ff\" data-element_type=\"column\" data-e-type=\"column\">\n\t\t\t<div class=\"elementor-widget-wrap elementor-element-populated\">\n\t\t\t\t\t\t<div class=\"elementor-element elementor-element-ac28774 elementor-hidden-desktop elementor-widget elementor-widget-text-editor\" data-id=\"ac28774\" data-element_type=\"widget\" data-e-type=\"widget\" data-settings=\"{&quot;motion_fx_translateY_effect&quot;:&quot;yes&quot;,&quot;motion_fx_translateY_direction&quot;:&quot;negative&quot;,&quot;motion_fx_translateY_speed&quot;:{&quot;unit&quot;:&quot;px&quot;,&quot;size&quot;:0,&quot;sizes&quot;:[]},&quot;motion_fx_range&quot;:&quot;page&quot;,&quot;sticky&quot;:&quot;top&quot;,&quot;_animation&quot;:&quot;none&quot;,&quot;sticky_parent&quot;:&quot;yes&quot;,&quot;motion_fx_motion_fx_scrolling&quot;:&quot;yes&quot;,&quot;motion_fx_translateY_affectedRange&quot;:{&quot;unit&quot;:&quot;%&quot;,&quot;size&quot;:&quot;&quot;,&quot;sizes&quot;:{&quot;start&quot;:0,&quot;end&quot;:100}},&quot;motion_fx_devices&quot;:[&quot;desktop&quot;,&quot;tablet&quot;,&quot;mobile&quot;],&quot;sticky_on&quot;:[&quot;desktop&quot;,&quot;tablet&quot;,&quot;mobile&quot;],&quot;sticky_offset&quot;:0,&quot;sticky_effects_offset&quot;:0,&quot;sticky_anchor_link_offset&quot;:0}\" data-widget_type=\"text-editor.default\">\n\t\t\t\t<div class=\"elementor-widget-container\">\n\t\t\t\t\t\t\t\t\t<p>\n            <span style=\"color: #000000;\"><br \/>\n              <a style=\"color: #000000;\" href=\"https:\/\/acrylicone.academy\/fr\/ou-acheter\/#benelux\">BENELUX<\/a><br \/>\n            <\/span><br \/>\n            <br \/>\n            <span style=\"color: #000000;\"><br \/>\n              <a style=\"color: #000000;\" href=\"https:\/\/acrylicone.academy\/fr\/ou-acheter\/#europe\">EUROPE<\/a><br \/>\n            <\/span><br \/>\n            <br \/>\n            <span style=\"color: #000000;\"><br \/>\n              <a style=\"color: #000000;\" href=\"https:\/\/acrylicone.academy\/fr\/ou-acheter\/#africa\">AFRIQUE<\/a><br \/>\n            <\/span><br \/>\n            <br \/>\n            <span style=\"color: #000000;\"><br \/>\n              <a style=\"color: #000000;\" href=\"https:\/\/acrylicone.academy\/fr\/ou-acheter\/#themiddleeast\">LE MOYEN-ORIENT<\/a><br \/>\n            <\/span><br \/>\n            <br \/>\n            <span style=\"color: #000000;\"><br \/>\n              <a style=\"color: #000000;\" href=\"https:\/\/acrylicone.academy\/fr\/ou-acheter\/#asia\">ASIE<\/a><br \/>\n            <\/span><br \/>\n            <br \/>\n            <span style=\"color: #000000;\"><br \/>\n              <a style=\"color: #000000;\" href=\"https:\/\/acrylicone.academy\/fr\/ou-acheter\/#australia\">AUSTRALIE<\/a><br \/>\n            <\/span>\n          <\/p>\n\t\t\t\t\t\t\t\t<\/div>\n\t\t\t\t<\/div>\n\t\t\t\t<div class=\"elementor-element elementor-element-ddfdaff elementor-hidden-tablet elementor-hidden-mobile elementor-widget elementor-widget-text-editor\" data-id=\"ddfdaff\" data-element_type=\"widget\" data-e-type=\"widget\" data-settings=\"{&quot;_animation&quot;:&quot;none&quot;}\" data-widget_type=\"text-editor.default\">\n\t\t\t\t<div class=\"elementor-widget-container\">\n\t\t\t\t\t\t\t\t\t<p>\n            <span style=\"color: #000000;\"><br \/>\n              <a style=\"color: #000000;\" href=\"https:\/\/acrylicone.academy\/fr\/ou-acheter\/#benelux\">BENELUX<\/a><br \/>\n            <\/span><br \/>\n            <br \/>\n            <span style=\"color: #000000;\"><br \/>\n              <a style=\"color: #000000;\" href=\"https:\/\/acrylicone.academy\/fr\/ou-acheter\/#europe\">EUROPE<\/a><br \/>\n            <\/span><br \/>\n            <br \/>\n            <span style=\"color: #000000;\"><br \/>\n              <a style=\"color: #000000;\" href=\"https:\/\/acrylicone.academy\/fr\/ou-acheter\/#africa\">AFRIQUE<\/a><br \/>\n            <\/span><br \/>\n            <br \/>\n            <span style=\"color: #000000;\"><br \/>\n              <a style=\"color: #000000;\" href=\"https:\/\/acrylicone.academy\/fr\/ou-acheter\/#themiddleeast\">LE MOYEN-ORIENT<\/a><br \/>\n            <\/span><br \/>\n            <br \/>\n            <span style=\"color: #000000;\"><br \/>\n              <a style=\"color: #000000;\" href=\"https:\/\/acrylicone.academy\/fr\/ou-acheter\/#asia\">ASIE<\/a><br \/>\n            <\/span><br \/>\n            <br \/>\n            <span style=\"color: #000000;\"><br \/>\n              <a style=\"color: #000000;\" href=\"https:\/\/acrylicone.academy\/fr\/ou-acheter\/#australia\">AUSTRALIE<\/a><br \/>\n            <\/span>\n          <\/p>\n\t\t\t\t\t\t\t\t<\/div>\n\t\t\t\t<\/div>\n\t\t\t\t\t<\/div>\n\t\t<\/div>\n\t\t\t\t<div class=\"elementor-column elementor-col-50 elementor-inner-column elementor-element elementor-element-d08c7d0\" data-id=\"d08c7d0\" data-element_type=\"column\" data-e-type=\"column\">\n\t\t\t<div class=\"elementor-widget-wrap elementor-element-populated\">\n\t\t\t\t\t\t<div class=\"elementor-element elementor-element-015bdd0 elementor-widget elementor-widget-heading\" data-id=\"015bdd0\" data-element_type=\"widget\" data-e-type=\"widget\" id=\"benelux\" data-widget_type=\"heading.default\">\n\t\t\t\t<div class=\"elementor-widget-container\">\n\t\t\t\t\t<h1 class=\"elementor-heading-title elementor-size-default\">Benelux<\/h1>\t\t\t\t<\/div>\n\t\t\t\t<\/div>\n\t\t\t\t<div class=\"elementor-element elementor-element-203ee0e elementor-widget elementor-widget-heading\" data-id=\"203ee0e\" data-element_type=\"widget\" data-e-type=\"widget\" data-widget_type=\"heading.default\">\n\t\t\t\t<div class=\"elementor-widget-container\">\n\t\t\t\t\t<h2 class=\"elementor-heading-title elementor-size-default\">Benelux<\/h2>\t\t\t\t<\/div>\n\t\t\t\t<\/div>\n\t\t\t\t<div class=\"elementor-element elementor-element-13a0eaf elementor-widget elementor-widget-text-editor\" data-id=\"13a0eaf\" data-element_type=\"widget\" data-e-type=\"widget\" data-widget_type=\"text-editor.default\">\n\t\t\t\t<div class=\"elementor-widget-container\">\n\t\t\t\t\t\t\t\t\t<p><strong><br \/>\n  <span style=\"color: var(--porto-body-color); letter-spacing: var(--porto-body-ls,0);\">A1<\/span><br \/>\n  <span style=\"color: var(--porto-body-color); letter-spacing: var(--porto-body-ls,0);\"> boutique en ligne<br \/><\/span><br \/>\n<\/strong><a href=\"http:\/\/shop.acrylicone.nl\" target=\"_blank\" rel=\"noopener\">shop.acrylicone.nl<\/a> pour l&rsquo;Autriche, la Belgique, le Danemark, la France, l&rsquo;Italie et les Pays-Bas.<\/p>\n<p><strong>ACT \/ Acrylic One<\/strong><br \/>Technologie composite active<br \/>Nijverheidsweg 15A<br \/>3251 LP Stellendam<br \/>Les Pays-Bas<\/p>\n<p>T : +31 (0)187 66 30 06<br \/>T : +31 (0)6 516 127 14 (Marina Prodel)<br \/>E : <a href=\"mailto:info@activecomposite.com\" target=\"_blank\" rel=\"noopener\">info@activecomposite.com<\/a><br \/>W : <a href=\"http:\/\/www.activecomposite.com\" target=\"_blank\" rel=\"noopener\">www.activecomposite.com<\/a><\/p>\n<p><strong>Artifac B.V.<\/strong><br \/>Noordwal 17<br \/>2513 EB &lsquo;s-Gravenhage<br \/>Les Pays-Bas<\/p>\n<p>T : 0031 (0) 70 &#8211; 3 46 18 00<br \/>F : 0031 (0) 70 &#8211; 3 64 63 32<br \/>E : info@artifac.nl<br \/>W : www.gerstaecker.nl\/den-haag<\/p>\n<p><strong>Assyst BVBA<\/strong><br \/>Hellegatstraat 13a<br \/>2590 Berlaar<br \/>Belgique<\/p>\n<p>T : +32 (0)495\/50 61 14<br \/>E : ao@assyst.org<br \/>W : www.assyst.org\/home.html<\/p>\n<p><strong>Soci\u00e9t\u00e9 TENAX<\/strong><br \/>De Amert 150 A<br \/>5462 GH Veghel<br \/>Les Pays-Bas<\/p>\n<p>T : +31 (0)413-363164<br \/>E : info@beeldengieterijtenax.nl<br \/>W : www.beeldengieterijtenax.nl<\/p>\n<p><strong>Colpaert<\/strong><br \/>Ter Mote 5<br \/>9850 Nevele<br \/>Belgique<\/p>\n<p>T : +32 (0)9 226 28 26<br \/>E : info@colpaert-ceramic.be<br \/>W : www.colpaert-ceramic.be<\/p>\n<p><strong>Gerstaecker Amsterdam<\/strong><br \/>Peter van Ginkel Arts &amp; Graphics B.V.<br \/>Bilderdijkstraat 99 1053 KM Amsterdam<br \/>Les Pays-Bas<\/p>\n<p>T : 0031 (0) 20 &#8211; 6 18 98 27<br \/>E : pvg.amsterdam@gerstaecker.nl<br \/>W : www.gerstaecker.nl<\/p>\n<p><strong>Gerstaecker Arnhem<\/strong><br \/>Peter van Ginkel Arts &amp; Graphics B.V.<br \/>Steenstraat 36A<br \/>6828 CL Arnhem<br \/>Les Pays-Bas<\/p>\n<p>T : 00 31 (0) 26 &#8211; 4 42 33 34<br \/>E : pvg.arnhem@gerstaecker.nl<br \/>W : www.gerstaecker.nl<\/p>\n<p><strong>Gerstaecker Groningen<\/strong><br \/>Peter van Ginkel, Arts &amp; Graphics B.V.<br \/>Westerkade 21<br \/>9718 AS Groningen<br \/>Les Pays-Bas<\/p>\n<p>T : 0031 (0) 50 &#8211; 3 18 24 89<br \/>E : pvg.groningen@gerstaecker.nl<br \/>W : www.gerstaecker.nl<\/p>\n<p><strong>Gerstaecker Harolds B.V. Rotterdam<\/strong><br \/>Burgmeester van Walsumweg 730<br \/>3011 MZ Rotterdam<br \/>Les Pays-Bas<\/p>\n<p>T : 0031 (0) 10 &#8211; 4 12 05 12<br \/>E : winkel@harolds.nl<br \/>W : www.gerstaecker.nl\/rotterdam<\/p>\n<p><strong>Gerstaecker Harolds B.V. Rotterdam II<\/strong><br \/>Hoogstraat 72<br \/>3011 PT Rotterdam<br \/>Les Pays-Bas<\/p>\n<p>T : 0031 (0) 10 &#8211; 4 12 05 12<br \/>E : winkel@harolds.nl<br \/>W : www.gerstaecker.nl\/rotterdam-ii<\/p>\n<p><strong>Gerstaecker Maastricht<\/strong><br \/>Peter van Ginkel, Arts &amp; Graphics B.V.<br \/>Rue de Bruxelles 63<br \/>6211 PC Maastricht<br \/>Les Pays-Bas<\/p>\n<p>T : 0031 (0) 43 &#8211; 3 23 39 39<br \/>E : pvg.maastricht@gerstaecker.nl<br \/>W : www.gerstaecker.nl<\/p>\n<p><strong>Gerstaecker Utrecht<\/strong><br \/>Peter van Ginkel Arts &amp; Graphics B.V.<br \/>Van Lippe Biesterfeldstraat 12A<br \/>3523 VB Utrecht<br \/>Les Pays-Bas<\/p>\n<p>T : 0031 (0) 30 &#8211; 2 80 12 32<br \/>E : pvg.utrecht@gerstaecker.nl<br \/>W : www.gerstaecker.nl<\/p>\n<p><strong>Hazelaar &#8211; Fournitures artistiques<\/strong><br \/>Pimpelmees 1<br \/>3766 AX Soest<br \/>Les Pays-Bas<\/p>\n<p>T : +31 (0)35 6012825<br \/>E : info@hazelaar.nl<br \/>W : www.hazelaar.nl<\/p>\n<p><strong>MC Technics<\/strong><br \/>pour la Belgique et le Luxembourg<br \/>Rue de Maestricht 88<br \/>4600 Vis\u00e9<br \/>Belgique<\/p>\n<p>T : +32 (04) 379 51 01<br \/>E : info@mctechnics.com<br \/>W : www.mctechnics.com<\/p>\n<p><strong>NedForm BV<\/strong><br \/>Hofdwarsweg 20<br \/>6161 DD Geleen<br \/>Les Pays-Bas<\/p>\n<p>T : +31 (0)46 410 62 60<br \/>E : info@nedform.com<br \/>W : www.nedform.com<\/p>\n<p><strong>Poly-Service bv Amsterdam<\/strong><br \/>H.J.E. Wenckebachweg 49a<br \/>1096 AK Amsterdam<br \/>(entreprise d&rsquo;h\u00e9bergement Amstel Businesspark-Oost)<br \/>Les Pays-Bas<\/p>\n<p>T : +31 (0)20-665 45 69<br \/>E : info@polyservice.nl<br \/>W : www.polyservice.nl<\/p>\n<p><strong>Poly-Service bv Nieuwerkerk a\/d IJssel<\/strong><br \/>Hoogeveenenweg 83<br \/>2913 LV Nieuwerkerk a\/d IJssel<br \/>(association De Hooge Veenen)<br \/>Les Pays-Bas<\/p>\n<p>T : +31 (0)180-314777<br \/>E : info@polyservice.nl<br \/>W : www.polyservice.nl<\/p>\n<p><strong>Swaak 1892 B.V.<\/strong><br \/>Oudegracht 195-197<br \/>3511 NG Utrecht<br \/>Les Pays-Bas<\/p>\n<p>T:0031 (0) 30 &#8211; 231 15 65<br \/>E : info@swaak.eu<br \/>W : www.gerstaecker.nl\/utrecht-2<\/p>\n\t\t\t\t\t\t\t\t<\/div>\n\t\t\t\t<\/div>\n\t\t\t\t<div class=\"elementor-element elementor-element-8639387 elementor-widget elementor-widget-heading\" data-id=\"8639387\" data-element_type=\"widget\" data-e-type=\"widget\" id=\"europe\" data-widget_type=\"heading.default\">\n\t\t\t\t<div class=\"elementor-widget-container\">\n\t\t\t\t\t<h2 class=\"elementor-heading-title elementor-size-default\">L'Europe<\/h2>\t\t\t\t<\/div>\n\t\t\t\t<\/div>\n\t\t\t\t<div class=\"elementor-element elementor-element-ec7f642 elementor-widget elementor-widget-text-editor\" data-id=\"ec7f642\" data-element_type=\"widget\" data-e-type=\"widget\" data-widget_type=\"text-editor.default\">\n\t\t\t\t<div class=\"elementor-widget-container\">\n\t\t\t\t\t\t\t\t\t<p><strong>ALFA KOMPLEKTATSIYA OOO<\/strong><br \/>g. Moskva, ul. Montazhnaya, d. 9, str. 1, pom. IV, kom. 48, et. 3,<br \/>RUSSIE<\/p>\n<p>T : +7(965)255-33-33<br \/>E : info@acrylic-one.ru<br \/>W : www.acrylic-one.ru<\/p>\n<p><strong>Alfakem<\/strong><br \/>Christina Klossopoulou<br \/>Ag. Annis 10 &amp; P. Ralli,<br \/>Tavros 177 78, Ath\u00e8nes<br \/>Gr\u00e8ce<\/p>\n<p>T : +30 210 544 31 33<br \/>E : ck@alfakem.gr<br \/>W : www.alfakem.gr<\/p>\n<p><strong>Arachnid FX<\/strong><br \/>Fournitures d&rsquo;effets sp\u00e9ciaux, effets de maquillage, mat\u00e9riel et services de production<br \/>Unit\u00e9 C2, Metropoint Business Park, Swords, K67EC65<br \/>Co Dublin, Irlande<\/p>\n<p>T : +353 83 402 7887<br \/>E : info@arachnidfx.com<br \/>W : www.arachnidfx.com<\/p>\n<p><strong>Best Tools SRL Str.<\/strong><br \/>Dr. Victor Babes, Nr. 36,<br \/>Et. I, Birou 12<br \/>Brasov, 500027,<br \/>Roumanie<\/p>\n<p>T : +40 368.412.413<br \/>M : +40 723.234.687<br \/>E : info@btools.ro<br \/>W : www.btools.ro<\/p>\n<p><strong>Danemark<\/strong><br \/>Vous pouvez nous contacter \u00e0 l&rsquo;adresse suivante<\/p>\n<p>Acrylique Un<br \/>Nijverheidsweg 15a<br \/>3251 LP Stellendam<br \/>E : info@acrylicone.com<br \/>T : +31 187 663006<\/p>\n<p><strong>DYC Industri AS<\/strong><br \/>att. Maurice Velterop<br \/>R\u00e5sokveien 19<br \/>N-1900 Fetsund<br \/>Noorwegen<\/p>\n<p>T : +47 94411472<br \/>E : info@dycas.no<br \/>W : www.dycas.no<\/p>\n<p><strong>Fournier Composites<\/strong><br \/>ZI de Ragon &#8211; 5 Rue de Coulomb<br \/>44119 TREILLIERES<br \/>FRANCE<\/p>\n<p>T : +33 (0) 240303632<br \/>E : Commercial.composites@fournier-france.fr<br \/>W : www.fourniercomposite.com<\/p>\n<p><strong>Composites innovants (MEIDI SIA)<\/strong><br \/>pour les \u00c9tats baltes<br \/>Vidzemes soseja 4c,<br \/>Sigulda, LV-2150<br \/>Lettonie<\/p>\n<p>T : +371 27 65 05 08<br \/>E : info@innovative-composites.lv<br \/>W : www.innovative-composites.lv<\/p>\n<p><strong>Jacomp Oy<\/strong><br \/>Annanmaankuja 2-4<br \/>33960 Pirkkala<br \/>Finlande<\/p>\n<p>T : +358 40 1721783<br \/>E : jacomp@jacomp.fi<br \/>W : www.jacomp.fi<br \/>Boutique en ligne : www.materialshop.fi<\/p>\n<p><strong>KauPo Plankenhorn e.K.<\/strong><br \/>pour l&rsquo;Allemagne, la Suisse et l&rsquo;Autriche<br \/>Max-Planck-Str. 9\/3<br \/>D-78549 Spaichingen,<br \/>Allemagne<\/p>\n<p>T : +49 7424 95842 3<br \/>E : info@kaupo.de<br \/>W : www.kaupo.de<\/p>\n<p><strong>Kil Epox Shop<\/strong><br \/>Breitschachenstrasse 5<br \/>9032 Engelburg<br \/>Suisse<\/p>\n<p>E : info@epoxyresin-shop.ch<br \/>W : www.epoxyresin-shop.ch<\/p>\n<p><strong>Lignes de conception<\/strong><br \/>23D Armenias str, 2003 Nicosie<br \/>Chypre<\/p>\n<p>T : +357 22 263748<br \/>E : info@linesofdesign.eu<br \/>W : www.linesofdesign.eu<\/p>\n<p>Arm\u00e9nie 23 Strovolos CY 2003, Strovolos<br \/>Chypre<\/p>\n<p><strong>Mat\u00e9riaux Neills<\/strong><br \/>Unit\u00e9 2 Lark Valley Trade Park,<br \/>Lamdin Road, Bury St Edmunds,<br \/>Suffolk, IP32 6NU<br \/>Royaume-Uni<\/p>\n<p>T : 01284 630 028<br \/>E : chris@neillsmaterials.co.uk<br \/>W : www.neillsmaterials.co.uk<\/p>\n<p><strong>OSV Technologiya<\/strong><br \/>190 Gvardeiskaya Str,<br \/>Tsurupinsk, r\u00e9gion de Kherson, 75101,<br \/>Ukraine<\/p>\n<p>T : +380 5542 45966<br \/>M : +380 67 553-95-79<br \/>E : info@osv.com.ua<br \/>W : www.osv.com.ua<\/p>\n<p><strong>P.P.H.U KAUPOSIL<\/strong><br \/>pour la Pologne et la Russie<br \/>ul. Micha\u0142kowicka 47<br \/>41-100 Siemianowice \u015al.<br \/>Pologne<\/p>\n<p>T : +48 32 229 01 07<br \/>E : info@kauposil.com<br \/>W : www.kauposil.com<\/p>\n<p><strong>Matrice Poly<\/strong><br \/>D\u00e1niel Bencsik\/Edit Szabo<br \/>Kr\u00fady Gyula utca 21\/b<br \/>1183 Budapest<br \/>Hongrie<\/p>\n<p>T : +36(70)886-0672<br \/>W : www.poly-matrix.hu<\/p>\n<p><strong>QUAI WEST<\/strong><br \/>261 Boulevard Alfred Daney<br \/>33 300 Bordeaux<\/p>\n<p>T : +33 (0)5 56 29 19 29<br \/>W : www.quai-west-composites.fr<\/p>\n<p><strong>Restauro Tecnica Srls<\/strong><br \/>Sede operativa : Via Battaglione Framarin, 41 &#8211; 36100 Vicenza<br \/>Sede legale : Via E. Fermi, 253 &#8211; 36100 Vicenza &#8211; Italia<br \/>Cf\/Pi : 04016710248 &#8211; Rea : VI-372289<\/p>\n<p>T\u00e9l. 0444\/211980<br \/>E : info@restaurotecnica.it<br \/>W : www.restaurotecnica.it<\/p>\n<p><strong>Fournitures RPM<\/strong><br \/>46 Western Parkway Business Park,<br \/>Lower Ballymount Road,<br \/>Dublin 12,<br \/>D12 VK61<br \/>Irlande<\/p>\n<p>T : 00 353 1 456 42 77<br \/>E : info@rpmsupplies.com<br \/>W : www.rpmsupplies.com<\/p>\n<p><strong>SILIKONY s.r.o.<\/strong><br \/>Pour la R\u00e9publique tch\u00e8que et la Slovaquie<br \/>Klatovska 2\/239<br \/>32100 Plzen &#8211; Litice<br \/>R\u00e9publique tch\u00e8que<\/p>\n<p>T : +420 602 406 435<br \/>E : info@silikonysro.cz<br \/>W : www.silikonysro.cz<\/p>\n<p><strong>SVE TO d.o.o.<\/strong><br \/>Ulica Hrvatskog proljea 26<br \/>10040 Zagreb<br \/>Croatie<\/p>\n<p>T : +385 993 089 099<br \/>E : info@dipauto.hr<br \/>W : dipauto.hr<\/p>\n<p><strong>UNECO\/Interfareba<\/strong><br \/>Pour l&rsquo;Espagne et le Portugal<br \/>C\/Franca 40-42<br \/>E-08769 Castellvi de Rosanes, Espagne<\/p>\n<p>T : +34 (0) 681956072<br \/>E : egomez@interfareba.com<br \/>W : www.interfareba.com<\/p>\n\t\t\t\t\t\t\t\t<\/div>\n\t\t\t\t<\/div>\n\t\t\t\t<div class=\"elementor-element elementor-element-86a5a3c elementor-widget elementor-widget-heading\" data-id=\"86a5a3c\" data-element_type=\"widget\" data-e-type=\"widget\" id=\"africa\" data-widget_type=\"heading.default\">\n\t\t\t\t<div class=\"elementor-widget-container\">\n\t\t\t\t\t<h2 class=\"elementor-heading-title elementor-size-default\">Afrique<\/h2>\t\t\t\t<\/div>\n\t\t\t\t<\/div>\n\t\t\t\t<div class=\"elementor-element elementor-element-9354da9 elementor-widget elementor-widget-text-editor\" data-id=\"9354da9\" data-element_type=\"widget\" data-e-type=\"widget\" data-widget_type=\"text-editor.default\">\n\t\t\t\t<div class=\"elementor-widget-container\">\n\t\t\t\t\t\t\t\t\t<p><strong>AMT Johannesburg<\/strong><br \/>6 Director Rd<br \/>Johannesburg<br \/>1619<br \/>Afrique du Sud<\/p>\n<p>T : +27 (0)11 392 4232<br \/>W : www.amtcomposites.co.za<\/p>\n\t\t\t\t\t\t\t\t<\/div>\n\t\t\t\t<\/div>\n\t\t\t\t<div class=\"elementor-element elementor-element-2e2c452 elementor-widget elementor-widget-heading\" data-id=\"2e2c452\" data-element_type=\"widget\" data-e-type=\"widget\" id=\"themiddleeast\" data-widget_type=\"heading.default\">\n\t\t\t\t<div class=\"elementor-widget-container\">\n\t\t\t\t\t<h2 class=\"elementor-heading-title elementor-size-default\">Le Moyen-Orient<\/h2>\t\t\t\t<\/div>\n\t\t\t\t<\/div>\n\t\t\t\t<div class=\"elementor-element elementor-element-f05e095 elementor-widget elementor-widget-text-editor\" data-id=\"f05e095\" data-element_type=\"widget\" data-e-type=\"widget\" data-widget_type=\"text-editor.default\">\n\t\t\t\t<div class=\"elementor-widget-container\">\n\t\t\t\t\t\t\t\t\t<p><strong>Centre international d&rsquo;art de Duba\u00ef<\/strong><br \/>Joseph McKeever<br \/>Villa no. 27, rue 75b, Jumeirah 1<br \/>Duba\u00ef<\/p>\n<p>T : 00971 54 3551954<\/p>\n<p>E : mckeever_dxb@ymail.com<br \/>W : www.artdubai.com<\/p>\n<p><strong>KAROPAK Endustriyel Urunler San. Tic Ltd Sti.<\/strong><br \/>Inonu Cad. Sumko Sit. I-3 Blok No:2 Kozyatagi<br \/>34230 &#8211; Istanbul &#8211; Turquie<\/p>\n<p>T : +90 216 3801636<br \/>M : +90 532 5971232<\/p>\n<p>E : karopak@karopak.com<br \/>W : www.karopak.net<\/p>\n<p><strong>Qatar Steel Technologies WLL<\/strong><br \/>Zone industrielle<br \/>Rue 18, porte 53<br \/>Bo\u00eete postale 7135<br \/>\u00c9tat du Qatar<\/p>\n<p>T : +974 44164637<br \/>E : info@qsteeltech.com<br \/>W : www.qsteeltech.com<\/p>\n<p><strong>Suberta<\/strong><br \/>Fatih Sultan Mehmet Caddesi<br \/>Ahmet Yilmaz a \u00e9t\u00e9 remerci\u00e9<br \/>No:2 \/ 1 Kavacik 34810<br \/>Beykoz &#8211; ISTANBUL<\/p>\n<p>T : +90 216 537 77 17<br \/>E : info@suberta.com.tr<br \/>W : www.suberta.com.tr<\/p>\n<p><strong>Xenom ltd<\/strong><br \/>Gadi Adler<br \/>Levov 10<br \/>IL 69703<br \/>Isra\u00ebl<\/p>\n<p>T : +972 3 6493873<br \/>E : gadi@xenom.com<br \/>W : www.xenom.com<\/p>\n\t\t\t\t\t\t\t\t<\/div>\n\t\t\t\t<\/div>\n\t\t\t\t<div class=\"elementor-element elementor-element-1c1c7d9 elementor-widget elementor-widget-heading\" data-id=\"1c1c7d9\" data-element_type=\"widget\" data-e-type=\"widget\" id=\"asia\" data-widget_type=\"heading.default\">\n\t\t\t\t<div class=\"elementor-widget-container\">\n\t\t\t\t\t<h2 class=\"elementor-heading-title elementor-size-default\">Asie<\/h2>\t\t\t\t<\/div>\n\t\t\t\t<\/div>\n\t\t\t\t<div class=\"elementor-element elementor-element-cdeed07 elementor-widget elementor-widget-text-editor\" data-id=\"cdeed07\" data-element_type=\"widget\" data-e-type=\"widget\" data-widget_type=\"text-editor.default\">\n\t\t\t\t<div class=\"elementor-widget-container\">\n\t\t\t\t\t\t\t\t\t<p><strong>Soci\u00e9t\u00e9 A-SMART<\/strong><br \/>KONDO MIHOKO<br \/>2-9-41 Kami Hoshikawa, Hodogaya<br \/>240-0042<br \/>YOKOHAMA<br \/>Japon<\/p>\n<p>T : +81 45 3720500<br \/>E : smartcompany@gmail.com<br \/>W : http:\/\/www.ilovesmart.com\/<\/p>\n<p><strong>Guangzhou A1 Resin Co. Ltd<\/strong><br \/>Guangzhou A1 Resin Co.<br \/>Nansh Nanwei Wharf, code 5167,<br \/>Guangzhou, Chine<\/p>\n<p>T : +86 138 2885 8407<br \/>E : info@a1resin.com<br \/>E : Christo@a1resin.com<br \/>W : www.a1resin.com<\/p>\n<p><strong>Hironori Kawabata<\/strong><br \/>Coll\u00e8ge Kaneku<br \/>15-10 Naze Shiohama-cho<br \/>894-0035 Amami-shi Kagoshima pref<br \/>Japon<\/p>\n<p>T : +81 9020 964 299<br \/>E : hiroyatagarasu@gmail.com<\/p>\n<p><strong>Vitruvius (M) Sdn Bhd<\/strong><br \/>Att Cham Chi Cheong<br \/>838 Jalan Susur, Kelan Estate<br \/>81000 Kulaijaya<br \/>Johor, Malaisie<\/p>\n<p>T : +60 127138514<br \/>E : info@a1resin.com<br \/>W : https:\/\/www.vtv-global.com\/<\/p>\n\t\t\t\t\t\t\t\t<\/div>\n\t\t\t\t<\/div>\n\t\t\t\t<div class=\"elementor-element elementor-element-6ae85c6 elementor-widget elementor-widget-heading\" data-id=\"6ae85c6\" data-element_type=\"widget\" data-e-type=\"widget\" id=\"australia\" data-widget_type=\"heading.default\">\n\t\t\t\t<div class=\"elementor-widget-container\">\n\t\t\t\t\t<h2 class=\"elementor-heading-title elementor-size-default\">Australie<\/h2>\t\t\t\t<\/div>\n\t\t\t\t<\/div>\n\t\t\t\t<div class=\"elementor-element elementor-element-bc536e3 elementor-widget elementor-widget-text-editor\" data-id=\"bc536e3\" data-element_type=\"widget\" data-e-type=\"widget\" data-widget_type=\"text-editor.default\">\n\t\t\t\t<div class=\"elementor-widget-container\">\n\t\t\t\t\t\t\t\t\t<p><strong>ACS<\/strong><br \/>Solutions composites pour l&rsquo;Australie<br \/>47 Neil Street  <br \/>Bundeena N.S.W. 2230<br \/>Australie<\/p>\n<p>M : +61 456471883<br \/>E : mani.amtau@gmail.com<br \/>W : activecomposites.com.au<\/p>\n\t\t\t\t\t\t\t\t<\/div>\n\t\t\t\t<\/div>\n\t\t\t\t\t<\/div>\n\t\t<\/div>\n\t\t\t\t\t<\/div>\n\t\t<\/section>\n\t\t\t\t\t<\/div>\n\t\t<\/div>\n\t\t\t\t\t<\/div>\n\t\t<\/section>\n\t\t\t\t<\/div>\n\t\t","protected":false},"excerpt":{"rendered":"<p>BENELUX EUROPE AFRIQUE LE MOYEN-ORIENT ASIE AUSTRALIE BENELUX EUROPE AFRIQUE LE MOYEN-ORIENT ASIE AUSTRALIE Benelux Benelux A1 boutique en ligne shop.acrylicone.nl pour l&rsquo;Autriche, la Belgique, le Danemark, la France, l&rsquo;Italie et les Pays-Bas. ACT \/ Acrylic OneTechnologie composite activeNijverheidsweg 15A3251 LP StellendamLes Pays-Bas T : +31 (0)187 66 30 06T : +31 (0)6 516 127 [&hellip;]<\/p>\n","protected":false},"author":1,"featured_media":8880,"parent":0,"menu_order":0,"comment_status":"closed","ping_status":"closed","template":"","meta":{"footnotes":""},"class_list":["post-7834","page","type-page","status-publish","has-post-thumbnail","hentry"],"aioseo_notices":[],"_links":{"self":[{"href":"https:\/\/acrylicone.academy\/fr\/wp-json\/wp\/v2\/pages\/7834","targetHints":{"allow":["GET"]}}],"collection":[{"href":"https:\/\/acrylicone.academy\/fr\/wp-json\/wp\/v2\/pages"}],"about":[{"href":"https:\/\/acrylicone.academy\/fr\/wp-json\/wp\/v2\/types\/page"}],"author":[{"embeddable":true,"href":"https:\/\/acrylicone.academy\/fr\/wp-json\/wp\/v2\/users\/1"}],"replies":[{"embeddable":true,"href":"https:\/\/acrylicone.academy\/fr\/wp-json\/wp\/v2\/comments?post=7834"}],"version-history":[{"count":0,"href":"https:\/\/acrylicone.academy\/fr\/wp-json\/wp\/v2\/pages\/7834\/revisions"}],"wp:featuredmedia":[{"embeddable":true,"href":"https:\/\/acrylicone.academy\/fr\/wp-json\/wp\/v2\/media\/8880"}],"wp:attachment":[{"href":"https:\/\/acrylicone.academy\/fr\/wp-json\/wp\/v2\/media?parent=7834"}],"curies":[{"name":"wp","href":"https:\/\/api.w.org\/{rel}","templated":true}]}}