{"id":7673,"date":"2022-12-06T08:08:42","date_gmt":"2022-12-06T08:08:42","guid":{"rendered":"https:\/\/acrylicone.academy\/pigmentowanie-a1\/"},"modified":"2024-10-23T19:08:03","modified_gmt":"2024-10-23T19:08:03","slug":"pigmentowanie-a1","status":"publish","type":"page","link":"https:\/\/acrylicone.academy\/pl\/pigmentowanie-a1\/","title":{"rendered":"A1 Academy | Pigmentowanie A1"},"content":{"rendered":"\t\t<div data-elementor-type=\"wp-page\" data-elementor-id=\"7673\" class=\"elementor elementor-7673 elementor-1639\" data-elementor-post-type=\"page\">\n\t\t\t\t\t\t<section class=\"elementor-section elementor-top-section elementor-element elementor-element-23943fe elementor-section-boxed elementor-section-height-default elementor-section-height-default\" data-id=\"23943fe\" data-element_type=\"section\" data-e-type=\"section\">\n\t\t\t\t\t\t<div class=\"elementor-container elementor-column-gap-default\">\n\t\t\t\t\t<div class=\"elementor-column elementor-col-50 elementor-top-column elementor-element elementor-element-2cae4b8\" data-id=\"2cae4b8\" data-element_type=\"column\" data-e-type=\"column\">\n\t\t\t<div class=\"elementor-widget-wrap elementor-element-populated\">\n\t\t\t\t\t\t<div class=\"elementor-element elementor-element-7822574 elementor-widget elementor-widget-heading\" data-id=\"7822574\" data-element_type=\"widget\" data-e-type=\"widget\" data-widget_type=\"heading.default\">\n\t\t\t\t<div class=\"elementor-widget-container\">\n\t\t\t\t\t<h1 class=\"elementor-heading-title elementor-size-default\">Pigmentowanie A1<\/h1>\t\t\t\t<\/div>\n\t\t\t\t<\/div>\n\t\t\t\t\t<\/div>\n\t\t<\/div>\n\t\t\t\t<div class=\"elementor-column elementor-col-50 elementor-top-column elementor-element elementor-element-7218f02\" data-id=\"7218f02\" data-element_type=\"column\" data-e-type=\"column\">\n\t\t\t<div class=\"elementor-widget-wrap\">\n\t\t\t\t\t\t\t<\/div>\n\t\t<\/div>\n\t\t\t\t\t<\/div>\n\t\t<\/section>\n\t\t\t\t<section class=\"elementor-section elementor-top-section elementor-element elementor-element-33ad0d0 elementor-section-boxed elementor-section-height-default elementor-section-height-default\" data-id=\"33ad0d0\" data-element_type=\"section\" data-e-type=\"section\">\n\t\t\t\t\t\t<div class=\"elementor-container elementor-column-gap-default\">\n\t\t\t\t\t<div class=\"elementor-column elementor-col-100 elementor-top-column elementor-element elementor-element-9066894\" data-id=\"9066894\" data-element_type=\"column\" data-e-type=\"column\">\n\t\t\t<div class=\"elementor-widget-wrap elementor-element-populated\">\n\t\t\t\t\t\t<section class=\"elementor-section elementor-inner-section elementor-element elementor-element-d9b4d79 elementor-section-boxed elementor-section-height-default elementor-section-height-default\" data-id=\"d9b4d79\" data-element_type=\"section\" data-e-type=\"section\">\n\t\t\t\t\t\t<div class=\"elementor-container elementor-column-gap-default\">\n\t\t\t\t\t<div class=\"elementor-column elementor-col-33 elementor-inner-column elementor-element elementor-element-c76cb65\" data-id=\"c76cb65\" data-element_type=\"column\" data-e-type=\"column\" data-settings=\"{&quot;background_background&quot;:&quot;classic&quot;}\">\n\t\t\t<div class=\"elementor-widget-wrap elementor-element-populated\">\n\t\t\t\t\t\t<div class=\"elementor-element elementor-element-059768f elementor-widget elementor-widget-text-editor\" data-id=\"059768f\" data-element_type=\"widget\" data-e-type=\"widget\" data-widget_type=\"text-editor.default\">\n\t\t\t\t<div class=\"elementor-widget-container\">\n\t\t\t\t\t\t\t\t\t<p><span style=\"color: #000000;\"><strong><span style=\"font-size: 18px;\">1.0 A1 Pigmenty.<\/span><\/strong><\/span><br \/>Podstawowym kolorem A1 jest biel ko\u015bci s\u0142oniowej. W razie potrzeby dysponujemy odpowiednimi pigmentami A1 w 10 kolorach, za pomoc\u0105 kt\u00f3rych mo\u017cna zabarwi\u0107 A1 na wskro\u015b.<\/p><p>Pigmenty te s\u0105 wysoce skoncentrowane i s\u0105 dodawane maksymalnie do 2% do A1. Cz\u0119sto ni\u017csza dawka jest wystarczaj\u0105ca do osi\u0105gni\u0119cia po\u017c\u0105danego rezultatu.<\/p>\t\t\t\t\t\t\t\t<\/div>\n\t\t\t\t<\/div>\n\t\t\t\t\t<\/div>\n\t\t<\/div>\n\t\t\t\t<div class=\"elementor-column elementor-col-33 elementor-inner-column elementor-element elementor-element-63bcb1a\" data-id=\"63bcb1a\" data-element_type=\"column\" data-e-type=\"column\" data-settings=\"{&quot;background_background&quot;:&quot;classic&quot;}\">\n\t\t\t<div class=\"elementor-widget-wrap elementor-element-populated\">\n\t\t\t\t\t\t<div class=\"elementor-element elementor-element-656ccfd elementor-widget elementor-widget-image\" data-id=\"656ccfd\" data-element_type=\"widget\" data-e-type=\"widget\" data-widget_type=\"image.default\">\n\t\t\t\t<div class=\"elementor-widget-container\">\n\t\t\t\t\t\t\t\t\t\t\t\t\t\t\t<img fetchpriority=\"high\" decoding=\"async\" width=\"500\" height=\"365\" src=\"https:\/\/acrylicone.academy\/wp-content\/uploads\/2023\/01\/10xPigmentklein.jpg\" class=\"attachment-large size-large wp-image-5676\" alt=\"\" srcset=\"https:\/\/acrylicone.academy\/wp-content\/uploads\/2023\/01\/10xPigmentklein.jpg 500w, https:\/\/acrylicone.academy\/wp-content\/uploads\/2023\/01\/10xPigmentklein-300x219.jpg 300w, https:\/\/acrylicone.academy\/wp-content\/uploads\/2023\/01\/10xPigmentklein-400x292.jpg 400w, https:\/\/acrylicone.academy\/wp-content\/uploads\/2023\/01\/10xPigmentklein-367x268.jpg 367w\" sizes=\"(max-width: 500px) 100vw, 500px\" \/>\t\t\t\t\t\t\t\t\t\t\t\t\t\t\t<\/div>\n\t\t\t\t<\/div>\n\t\t\t\t\t<\/div>\n\t\t<\/div>\n\t\t\t\t<div class=\"elementor-column elementor-col-33 elementor-inner-column elementor-element elementor-element-0208a23\" data-id=\"0208a23\" data-element_type=\"column\" data-e-type=\"column\" data-settings=\"{&quot;background_background&quot;:&quot;classic&quot;}\">\n\t\t\t<div class=\"elementor-widget-wrap elementor-element-populated\">\n\t\t\t\t\t\t<div class=\"elementor-element elementor-element-87cd642 elementor-widget elementor-widget-image\" data-id=\"87cd642\" data-element_type=\"widget\" data-e-type=\"widget\" data-widget_type=\"image.default\">\n\t\t\t\t<div class=\"elementor-widget-container\">\n\t\t\t\t\t\t\t\t\t\t\t\t\t\t\t<img decoding=\"async\" width=\"800\" height=\"444\" src=\"https:\/\/acrylicone.academy\/wp-content\/uploads\/2023\/02\/Pigmenten_HR_web.jpg\" class=\"attachment-large size-large wp-image-6735\" alt=\"\" srcset=\"https:\/\/acrylicone.academy\/wp-content\/uploads\/2023\/02\/Pigmenten_HR_web.jpg 1000w, https:\/\/acrylicone.academy\/wp-content\/uploads\/2023\/02\/Pigmenten_HR_web-300x167.jpg 300w, https:\/\/acrylicone.academy\/wp-content\/uploads\/2023\/02\/Pigmenten_HR_web-768x426.jpg 768w, https:\/\/acrylicone.academy\/wp-content\/uploads\/2023\/02\/Pigmenten_HR_web-640x355.jpg 640w, https:\/\/acrylicone.academy\/wp-content\/uploads\/2023\/02\/Pigmenten_HR_web-400x222.jpg 400w, https:\/\/acrylicone.academy\/wp-content\/uploads\/2023\/02\/Pigmenten_HR_web-367x204.jpg 367w\" sizes=\"(max-width: 800px) 100vw, 800px\" \/>\t\t\t\t\t\t\t\t\t\t\t\t\t\t\t<\/div>\n\t\t\t\t<\/div>\n\t\t\t\t\t<\/div>\n\t\t<\/div>\n\t\t\t\t\t<\/div>\n\t\t<\/section>\n\t\t\t\t<section class=\"elementor-section elementor-inner-section elementor-element elementor-element-4d1d4e2 elementor-section-boxed elementor-section-height-default elementor-section-height-default\" data-id=\"4d1d4e2\" data-element_type=\"section\" data-e-type=\"section\">\n\t\t\t\t\t\t<div class=\"elementor-container elementor-column-gap-default\">\n\t\t\t\t\t<div class=\"elementor-column elementor-col-33 elementor-inner-column elementor-element elementor-element-8ee00a1\" data-id=\"8ee00a1\" data-element_type=\"column\" data-e-type=\"column\">\n\t\t\t<div class=\"elementor-widget-wrap elementor-element-populated\">\n\t\t\t\t\t\t<div class=\"elementor-element elementor-element-e94d0dd elementor-widget elementor-widget-text-editor\" data-id=\"e94d0dd\" data-element_type=\"widget\" data-e-type=\"widget\" data-widget_type=\"text-editor.default\">\n\t\t\t\t<div class=\"elementor-widget-container\">\n\t\t\t\t\t\t\t\t\t<p><span style=\"color: #000000;\"><strong><span style=\"font-size: 18px;\">2.0 Kolory RAL.<\/span><\/strong><\/span><br \/>Pigmenty A1 mo\u017cna miesza\u0107 ze sob\u0105, dzi\u0119ki czemu mo\u017cna uzyska\u0107 prawie wszystkie kolory z palety RAL. Posiadamy wi\u0119kszo\u015b\u0107 dost\u0119pnych wzor\u00f3w kolor\u00f3w RAL.<\/p>\t\t\t\t\t\t\t\t<\/div>\n\t\t\t\t<\/div>\n\t\t\t\t\t<\/div>\n\t\t<\/div>\n\t\t\t\t<div class=\"elementor-column elementor-col-33 elementor-inner-column elementor-element elementor-element-a232189\" data-id=\"a232189\" data-element_type=\"column\" data-e-type=\"column\">\n\t\t\t<div class=\"elementor-widget-wrap elementor-element-populated\">\n\t\t\t\t\t\t<div class=\"elementor-element elementor-element-6934c30 elementor-widget elementor-widget-image\" data-id=\"6934c30\" data-element_type=\"widget\" data-e-type=\"widget\" data-widget_type=\"image.default\">\n\t\t\t\t<div class=\"elementor-widget-container\">\n\t\t\t\t\t\t\t\t\t\t\t\t\t\t\t<img decoding=\"async\" width=\"500\" height=\"475\" src=\"https:\/\/acrylicone.academy\/wp-content\/uploads\/2022\/12\/20181121_124014-aangepast_klein.jpg\" class=\"attachment-large size-large wp-image-4944\" alt=\"\" srcset=\"https:\/\/acrylicone.academy\/wp-content\/uploads\/2022\/12\/20181121_124014-aangepast_klein.jpg 500w, https:\/\/acrylicone.academy\/wp-content\/uploads\/2022\/12\/20181121_124014-aangepast_klein-300x285.jpg 300w, https:\/\/acrylicone.academy\/wp-content\/uploads\/2022\/12\/20181121_124014-aangepast_klein-400x380.jpg 400w, https:\/\/acrylicone.academy\/wp-content\/uploads\/2022\/12\/20181121_124014-aangepast_klein-367x349.jpg 367w\" sizes=\"(max-width: 500px) 100vw, 500px\" \/>\t\t\t\t\t\t\t\t\t\t\t\t\t\t\t<\/div>\n\t\t\t\t<\/div>\n\t\t\t\t\t<\/div>\n\t\t<\/div>\n\t\t\t\t<div class=\"elementor-column elementor-col-33 elementor-inner-column elementor-element elementor-element-e5efd16\" data-id=\"e5efd16\" data-element_type=\"column\" data-e-type=\"column\">\n\t\t\t<div class=\"elementor-widget-wrap\">\n\t\t\t\t\t\t\t<\/div>\n\t\t<\/div>\n\t\t\t\t\t<\/div>\n\t\t<\/section>\n\t\t\t\t<section class=\"elementor-section elementor-inner-section elementor-element elementor-element-ed2e8b5 elementor-section-boxed elementor-section-height-default elementor-section-height-default\" data-id=\"ed2e8b5\" data-element_type=\"section\" data-e-type=\"section\">\n\t\t\t\t\t\t<div class=\"elementor-container elementor-column-gap-default\">\n\t\t\t\t\t<div class=\"elementor-column elementor-col-50 elementor-inner-column elementor-element elementor-element-29a8819\" data-id=\"29a8819\" data-element_type=\"column\" data-e-type=\"column\">\n\t\t\t<div class=\"elementor-widget-wrap elementor-element-populated\">\n\t\t\t\t\t\t<div class=\"elementor-element elementor-element-65d1540 elementor-widget elementor-widget-text-editor\" data-id=\"65d1540\" data-element_type=\"widget\" data-e-type=\"widget\" data-widget_type=\"text-editor.default\">\n\t\t\t\t<div class=\"elementor-widget-container\">\n\t\t\t\t\t\t\t\t\t<p><span style=\"color: #000000;\"><strong><span style=\"font-size: 18px;\">3.0 Je\u015bli potrzebujesz sta\u0142ego koloru.<br \/><\/span><\/strong><\/span>Poniewa\u017c proszek A1 jest materia\u0142em naturalnym, niemo\u017cliwe jest uzyskanie w 100% jednakowego koloru dla wszystkich produkt\u00f3w. Pomi\u0119dzy poszczeg\u00f3lnymi elementami A1 wyst\u0105pi\u0105 niewielkie r\u00f3\u017cnice kolorystyczne.<\/p><p>Aby zminimalizowa\u0107 r\u00f3\u017cnic\u0119 kolor\u00f3w, zalecamy:<\/p><ul><li>Pracowa\u0107 z 1 parti\u0105 pigmentu, aby w jak najwi\u0119kszym stopniu unikn\u0105\u0107 r\u00f3\u017cnic w kolorze.<\/li><li>Zw\u0142aszcza je\u015bli w przypadku du\u017cych projekt\u00f3w wymagany jest sta\u0142y kolor, nale\u017cy wcze\u015bniej doda\u0107 wszystkie pigmenty do ca\u0142kowitej wymaganej ilo\u015bci A1 Liquid.<\/li><\/ul>\t\t\t\t\t\t\t\t<\/div>\n\t\t\t\t<\/div>\n\t\t\t\t\t<\/div>\n\t\t<\/div>\n\t\t\t\t<div class=\"elementor-column elementor-col-50 elementor-inner-column elementor-element elementor-element-ea5636f\" data-id=\"ea5636f\" data-element_type=\"column\" data-e-type=\"column\">\n\t\t\t<div class=\"elementor-widget-wrap elementor-element-populated\">\n\t\t\t\t\t\t<div class=\"elementor-element elementor-element-0ebcc75 elementor-widget elementor-widget-video\" data-id=\"0ebcc75\" data-element_type=\"widget\" data-e-type=\"widget\" data-settings=\"{&quot;youtube_url&quot;:&quot;https:\\\/\\\/youtu.be\\\/022a-S3Sojo&quot;,&quot;video_type&quot;:&quot;youtube&quot;,&quot;controls&quot;:&quot;yes&quot;}\" data-widget_type=\"video.default\">\n\t\t\t\t<div class=\"elementor-widget-container\">\n\t\t\t\t\t\t\t<div class=\"elementor-wrapper elementor-open-inline\">\n\t\t\t<div class=\"elementor-video\"><\/div>\t\t<\/div>\n\t\t\t\t\t\t<\/div>\n\t\t\t\t<\/div>\n\t\t\t\t\t<\/div>\n\t\t<\/div>\n\t\t\t\t\t<\/div>\n\t\t<\/section>\n\t\t\t\t\t<\/div>\n\t\t<\/div>\n\t\t\t\t\t<\/div>\n\t\t<\/section>\n\t\t\t\t<section class=\"elementor-section elementor-top-section elementor-element elementor-element-fde89bb elementor-section-boxed elementor-section-height-default elementor-section-height-default\" data-id=\"fde89bb\" data-element_type=\"section\" data-e-type=\"section\" data-settings=\"{&quot;background_background&quot;:&quot;classic&quot;}\">\n\t\t\t\t\t\t<div class=\"elementor-container elementor-column-gap-default\">\n\t\t\t\t\t<div class=\"elementor-column elementor-col-100 elementor-top-column elementor-element elementor-element-7f25a0d\" data-id=\"7f25a0d\" data-element_type=\"column\" data-e-type=\"column\">\n\t\t\t<div class=\"elementor-widget-wrap elementor-element-populated\">\n\t\t\t\t\t\t<section class=\"elementor-section elementor-inner-section elementor-element elementor-element-39f4e97 elementor-section-boxed elementor-section-height-default elementor-section-height-default\" data-id=\"39f4e97\" data-element_type=\"section\" data-e-type=\"section\">\n\t\t\t\t\t\t<div class=\"elementor-container elementor-column-gap-default\">\n\t\t\t\t\t<div class=\"elementor-column elementor-col-33 elementor-inner-column elementor-element elementor-element-a14ab9c\" data-id=\"a14ab9c\" data-element_type=\"column\" data-e-type=\"column\">\n\t\t\t<div class=\"elementor-widget-wrap elementor-element-populated\">\n\t\t\t\t\t\t<div class=\"elementor-element elementor-element-78b7308 elementor-widget elementor-widget-text-editor\" data-id=\"78b7308\" data-element_type=\"widget\" data-e-type=\"widget\" data-widget_type=\"text-editor.default\">\n\t\t\t\t<div class=\"elementor-widget-container\">\n\t\t\t\t\t\t\t\t\t<p><span style=\"color: #000000;\"><strong><span style=\"font-size: 18px;\">4.0 Chc\u0119, aby moje A1 by\u0142o bardziej bia\u0142e.<br \/><\/span><\/strong><\/span>Bia\u0142y jest dost\u0119pny w wielu kolorach i cz\u0119sto jest jednym z trudniejszych do uzyskania. Kilka sugestii dotycz\u0105cych uzyskania po\u017c\u0105danego bia\u0142ego wygl\u0105du to:<\/p><ul><li>U\u017cyj naszej wersji <strong>A1 Extra White<\/strong>, jednak nie zalecamy u\u017cywania A1 Extra White do zewn\u0119trznych obiekt\u00f3w A1.<\/li><li>Dodaj maksymalnie 2% bia\u0142ego pigmentu do A1.<\/li><li>Jako wyko\u0144czenie wymieszaj A1 Sealer PLUS z bia\u0142ym pigmentem, a nast\u0119pnie na\u0142\u00f3\u017c 1 lub wi\u0119cej cienkich warstw na obiekt A1. Wyko\u0144czy\u0107 niepigmentowan\u0105 warstw\u0105 A1 Sealer PLUS.<\/li><li>Po\u0142\u0105czenie powy\u017cszych mo\u017cliwo\u015bci.<\/li><\/ul>\t\t\t\t\t\t\t\t<\/div>\n\t\t\t\t<\/div>\n\t\t\t\t<div class=\"elementor-element elementor-element-6b576d1 elementor-widget elementor-widget-text-editor\" data-id=\"6b576d1\" data-element_type=\"widget\" data-e-type=\"widget\" data-widget_type=\"text-editor.default\">\n\t\t\t\t<div class=\"elementor-widget-container\">\n\t\t\t\t\t\t\t\t\t<p><span style=\"font-size: 18px; color: #000000;\"><strong>5.0 Ciep\u0142o a kolor.<br><\/strong><\/span>Ciemne kolory poch\u0142aniaj\u0105 wi\u0119cej ciep\u0142a ni\u017c jasne. Widzimy to r\u00f3wnie\u017c w przypadku ciemnych obiekt\u00f3w A1.<\/p>\n<p>Chocia\u017c nie ma to wp\u0142ywu na jako\u015b\u0107 A1, te wysokie temperatury mog\u0105 wp\u0142ywa\u0107 na materia\u0142y i konstrukcj\u0119 u\u017cyt\u0105 w obiekcie A1.<\/p>\t\t\t\t\t\t\t\t<\/div>\n\t\t\t\t<\/div>\n\t\t\t\t\t<\/div>\n\t\t<\/div>\n\t\t\t\t<div class=\"elementor-column elementor-col-33 elementor-inner-column elementor-element elementor-element-b17a8d0\" data-id=\"b17a8d0\" data-element_type=\"column\" data-e-type=\"column\" data-settings=\"{&quot;background_background&quot;:&quot;classic&quot;}\">\n\t\t\t<div class=\"elementor-widget-wrap elementor-element-populated\">\n\t\t\t\t\t\t<div class=\"elementor-element elementor-element-df7f8ff elementor-widget elementor-widget-text-editor\" data-id=\"df7f8ff\" data-element_type=\"widget\" data-e-type=\"widget\" data-widget_type=\"text-editor.default\">\n\t\t\t\t<div class=\"elementor-widget-container\">\n\t\t\t\t\t\t\t\t\t<p><span style=\"color: #000000;\"><strong><span style=\"font-size: 18px;\">6.0 Pigmenty od innych dostawc\u00f3w.<\/span><\/strong><\/span><br \/>Bardzo cz\u0119sto otrzymujemy pytanie, czy mo\u017cliwe jest u\u017cycie pigment\u00f3w od innych dostawc\u00f3w do barwienia A1. Zawsze musimy odpowiedzie\u0107 &#8222;nie wiemy, poniewa\u017c dost\u0119pnych jest wiele r\u00f3\u017cnych pigment\u00f3w, a w niekt\u00f3rych przypadkach pigmenty te mog\u0105 wp\u0142ywa\u0107 na jako\u015b\u0107 A1, pocz\u0105wszy od spowolnienia \/ zablokowania procesu utwardzania, a sko\u0144czywszy na zmniejszeniu odporno\u015bci na warunki atmosferyczne&#8221;.<\/p><p>St\u0105d nasza rada, aby <strong>a)<\/strong> u\u017cy\u0107 naszych przetestowanych pigment\u00f3w A1 lub<strong> b)<\/strong> przetestowa\u0107 te pigmenty z wyprzedzeniem.<\/p><p>Oczywi\u015bcie pigmenty r\u00f3wnie\u017c musz\u0105 by\u0107 na bazie wody lub proszku.<\/p>\t\t\t\t\t\t\t\t<\/div>\n\t\t\t\t<\/div>\n\t\t\t\t<div class=\"elementor-element elementor-element-c0582a1 elementor-widget elementor-widget-text-editor\" data-id=\"c0582a1\" data-element_type=\"widget\" data-e-type=\"widget\" data-widget_type=\"text-editor.default\">\n\t\t\t\t<div class=\"elementor-widget-container\">\n\t\t\t\t\t\t\t\t\t<p><span style=\"font-size: 18px; color: #000000;\"><strong>7.0 Czy A1 jest odporny na promieniowanie UV po ekspozycji?<\/strong><\/span><br \/>Obecne pigmenty A1 s\u0105 stabilne na promieniowanie UV przez d\u0142ugi czas. Jednak r\u00f3wnie\u017c A1 z pigmentem zmieni kolor pod wp\u0142ywem pogody. Trudno powiedzie\u0107, w jakim stopniu, poniewa\u017c zale\u017cy to od intensywno\u015bci wp\u0142ywu warunk\u00f3w atmosferycznych na obiekt A1, zastosowania uszczelniacza lub systemu powlekania, procentu u\u017cytego pigmentu i koloru pigmentu.<\/p>\n\t\t\t\t\t\t\t\t<\/div>\n\t\t\t\t<\/div>\n\t\t\t\t\t<\/div>\n\t\t<\/div>\n\t\t\t\t<div class=\"elementor-column elementor-col-33 elementor-inner-column elementor-element elementor-element-4059085\" data-id=\"4059085\" data-element_type=\"column\" data-e-type=\"column\">\n\t\t\t<div class=\"elementor-widget-wrap elementor-element-populated\">\n\t\t\t\t\t\t<div class=\"elementor-element elementor-element-0b9dc31 elementor-widget elementor-widget-image\" data-id=\"0b9dc31\" data-element_type=\"widget\" data-e-type=\"widget\" data-widget_type=\"image.default\">\n\t\t\t\t<div class=\"elementor-widget-container\">\n\t\t\t\t\t\t\t\t\t\t\t\t\t\t\t<img loading=\"lazy\" decoding=\"async\" width=\"617\" height=\"617\" src=\"https:\/\/acrylicone.academy\/wp-content\/uploads\/2022\/12\/Acrylic-paint.jpg\" class=\"attachment-large size-large wp-image-5028\" alt=\"\" srcset=\"https:\/\/acrylicone.academy\/wp-content\/uploads\/2022\/12\/Acrylic-paint.jpg 617w, https:\/\/acrylicone.academy\/wp-content\/uploads\/2022\/12\/Acrylic-paint-300x300.jpg 300w, https:\/\/acrylicone.academy\/wp-content\/uploads\/2022\/12\/Acrylic-paint-150x150.jpg 150w, https:\/\/acrylicone.academy\/wp-content\/uploads\/2022\/12\/Acrylic-paint-400x400.jpg 400w, https:\/\/acrylicone.academy\/wp-content\/uploads\/2022\/12\/Acrylic-paint-560x560.jpg 560w, https:\/\/acrylicone.academy\/wp-content\/uploads\/2022\/12\/Acrylic-paint-367x367.jpg 367w, https:\/\/acrylicone.academy\/wp-content\/uploads\/2022\/12\/Acrylic-paint-85x85.jpg 85w\" sizes=\"(max-width: 617px) 100vw, 617px\" \/>\t\t\t\t\t\t\t\t\t\t\t\t\t\t\t<\/div>\n\t\t\t\t<\/div>\n\t\t\t\t<div class=\"elementor-element elementor-element-749bd38 elementor-widget elementor-widget-text-editor\" data-id=\"749bd38\" data-element_type=\"widget\" data-e-type=\"widget\" data-widget_type=\"text-editor.default\">\n\t\t\t\t<div class=\"elementor-widget-container\">\n\t\t\t\t\t\t\t\t\t<p><span style=\"font-size: 18px; color: #000000;\"><strong>8.0 Jaka jest r\u00f3\u017cnica w bieli mi\u0119dzy dodaniem bia\u0142ego pigmentu a u\u017cyciem wersji A1 Extra White?<br \/><\/strong><\/span>W przypadku A1 Extra White, proszek A1 zosta\u0142 chemicznie wybielony. Standardowy proszek A1 ma lekko czerwonawy kolor (r\u00f3\u017cni si\u0119 w zale\u017cno\u015bci od partii proszku A1). Dzi\u0119ki A1 Powder Extra White ten czerwonawy kolor zosta\u0142 usuni\u0119ty.  <\/p>\n<div>\n<div>W\u0142a\u015bciwo\u015bci A1 Extra White r\u00f3wnie\u017c zmieniaj\u0105 si\u0119 z tego powodu i z pewno\u015bci\u0105 do zastosowa\u0144 zewn\u0119trznych zalecamy stosowanie naszego standardowego A1, ewentualnie w po\u0142\u0105czeniu z pigmentem.<\/div>\n<\/p><\/div>\n\t\t\t\t\t\t\t\t<\/div>\n\t\t\t\t<\/div>\n\t\t\t\t\t<\/div>\n\t\t<\/div>\n\t\t\t\t\t<\/div>\n\t\t<\/section>\n\t\t\t\t<section class=\"elementor-section elementor-inner-section elementor-element elementor-element-1a7607f elementor-section-boxed elementor-section-height-default elementor-section-height-default\" data-id=\"1a7607f\" data-element_type=\"section\" data-e-type=\"section\">\n\t\t\t\t\t\t<div class=\"elementor-container elementor-column-gap-default\">\n\t\t\t\t\t<div class=\"elementor-column elementor-col-50 elementor-inner-column elementor-element elementor-element-1b3cb14\" data-id=\"1b3cb14\" data-element_type=\"column\" data-e-type=\"column\">\n\t\t\t<div class=\"elementor-widget-wrap elementor-element-populated\">\n\t\t\t\t\t\t<div class=\"elementor-element elementor-element-2277844 elementor-widget elementor-widget-text-editor\" data-id=\"2277844\" data-element_type=\"widget\" data-e-type=\"widget\" data-widget_type=\"text-editor.default\">\n\t\t\t\t<div class=\"elementor-widget-container\">\n\t\t\t\t\t\t\t\t\t<p><span style=\"font-size: 18px; color: #000000;\"><strong>9.0 Jak uzyska\u0107 konkretny wygl\u0105d?<\/strong><\/span><br \/>Dzi\u0119ki zastosowaniu A1 z naszym w\u0142\u00f3knem szklanym mo\u017cliwe jest tworzenie &#8222;betonowych&#8221; obiekt\u00f3w, kt\u00f3re s\u0105 cienkie i lekkie. Mo\u017cesz stworzy\u0107 (prawie) dowolny wygl\u0105d betonu, kt\u00f3rego szukasz.  <\/p>\n<p>Imitacja struktury betonu zale\u017cy od formy, wi\u0119c upewnij si\u0119, \u017ce wybra\u0142e\u015b form\u0119 o strukturze betonu, kt\u00f3rej szukasz.<\/p>\n<p>Kolor betonu zale\u017cy od u\u017cytego pigmentu i wype\u0142niaczy. Najprostszym sposobem jest wybranie konkretnego koloru (RAL), kt\u00f3ry pasuje do koloru betonu, kt\u00f3ry chcesz odtworzy\u0107. Dodaj\u0105c wype\u0142niacz, taki jak szary piasek, kamienie lub fillite, jak pokazujemy na filmie, mo\u017cna nada\u0107 betonowi dodatkow\u0105 g\u0142\u0119bi\u0119.<\/p>\n<p>Oczywi\u015bcie mo\u017cna swobodnie eksperymentowa\u0107, aby stworzy\u0107 w\u0142asn\u0105, specjaln\u0105 mieszank\u0119 betonow\u0105.  <\/p>\n\t\t\t\t\t\t\t\t<\/div>\n\t\t\t\t<\/div>\n\t\t\t\t\t<\/div>\n\t\t<\/div>\n\t\t\t\t<div class=\"elementor-column elementor-col-50 elementor-inner-column elementor-element elementor-element-62ffd2b\" data-id=\"62ffd2b\" data-element_type=\"column\" data-e-type=\"column\" data-settings=\"{&quot;background_background&quot;:&quot;classic&quot;}\">\n\t\t\t<div class=\"elementor-widget-wrap elementor-element-populated\">\n\t\t\t\t\t\t<div class=\"elementor-element elementor-element-85b6b84 elementor-widget elementor-widget-video\" data-id=\"85b6b84\" data-element_type=\"widget\" data-e-type=\"widget\" data-settings=\"{&quot;youtube_url&quot;:&quot;https:\\\/\\\/youtu.be\\\/yg2hY2KjjrQ&quot;,&quot;video_type&quot;:&quot;youtube&quot;,&quot;controls&quot;:&quot;yes&quot;}\" data-widget_type=\"video.default\">\n\t\t\t\t<div class=\"elementor-widget-container\">\n\t\t\t\t\t\t\t<div class=\"elementor-wrapper elementor-open-inline\">\n\t\t\t<div class=\"elementor-video\"><\/div>\t\t<\/div>\n\t\t\t\t\t\t<\/div>\n\t\t\t\t<\/div>\n\t\t\t\t\t<\/div>\n\t\t<\/div>\n\t\t\t\t\t<\/div>\n\t\t<\/section>\n\t\t\t\t\t<\/div>\n\t\t<\/div>\n\t\t\t\t\t<\/div>\n\t\t<\/section>\n\t\t\t\t<section class=\"elementor-section elementor-top-section elementor-element elementor-element-3222049 elementor-section-height-min-height elementor-section-boxed elementor-section-height-default elementor-section-items-middle\" data-id=\"3222049\" data-element_type=\"section\" data-e-type=\"section\" data-settings=\"{&quot;background_background&quot;:&quot;slideshow&quot;,&quot;background_slideshow_gallery&quot;:[{&quot;id&quot;:1672,&quot;url&quot;:&quot;https:\\\/\\\/acrylicone.academy\\\/wp-content\\\/uploads\\\/2022\\\/12\\\/IMG_8234.jpg&quot;}],&quot;background_slideshow_slide_duration&quot;:5000,&quot;background_slideshow_slide_transition&quot;:&quot;fade&quot;,&quot;background_slideshow_transition_duration&quot;:500}\">\n\t\t\t\t\t\t<div class=\"elementor-container elementor-column-gap-default\">\n\t\t\t\t\t<div class=\"elementor-column elementor-col-100 elementor-top-column elementor-element elementor-element-3222aac\" data-id=\"3222aac\" data-element_type=\"column\" data-e-type=\"column\">\n\t\t\t<div class=\"elementor-widget-wrap\">\n\t\t\t\t\t\t\t<\/div>\n\t\t<\/div>\n\t\t\t\t\t<\/div>\n\t\t<\/section>\n\t\t\t\t<\/div>\n\t\t","protected":false},"excerpt":{"rendered":"<p>Pigmentowanie A1 1.0 A1 Pigmenty.Podstawowym kolorem A1 jest biel ko\u015bci s\u0142oniowej. W razie potrzeby dysponujemy odpowiednimi pigmentami A1 w 10 kolorach, za pomoc\u0105 kt\u00f3rych mo\u017cna zabarwi\u0107 A1 na wskro\u015b. Pigmenty te s\u0105 wysoce skoncentrowane i s\u0105 dodawane maksymalnie do 2% do A1. Cz\u0119sto ni\u017csza dawka jest wystarczaj\u0105ca do osi\u0105gni\u0119cia po\u017c\u0105danego rezultatu. 2.0 Kolory RAL.Pigmenty A1 [&hellip;]<\/p>\n","protected":false},"author":1,"featured_media":6735,"parent":0,"menu_order":0,"comment_status":"closed","ping_status":"closed","template":"","meta":{"footnotes":""},"class_list":["post-7673","page","type-page","status-publish","has-post-thumbnail","hentry"],"aioseo_notices":[],"_links":{"self":[{"href":"https:\/\/acrylicone.academy\/pl\/wp-json\/wp\/v2\/pages\/7673","targetHints":{"allow":["GET"]}}],"collection":[{"href":"https:\/\/acrylicone.academy\/pl\/wp-json\/wp\/v2\/pages"}],"about":[{"href":"https:\/\/acrylicone.academy\/pl\/wp-json\/wp\/v2\/types\/page"}],"author":[{"embeddable":true,"href":"https:\/\/acrylicone.academy\/pl\/wp-json\/wp\/v2\/users\/1"}],"replies":[{"embeddable":true,"href":"https:\/\/acrylicone.academy\/pl\/wp-json\/wp\/v2\/comments?post=7673"}],"version-history":[{"count":0,"href":"https:\/\/acrylicone.academy\/pl\/wp-json\/wp\/v2\/pages\/7673\/revisions"}],"wp:featuredmedia":[{"embeddable":true,"href":"https:\/\/acrylicone.academy\/pl\/wp-json\/wp\/v2\/media\/6735"}],"wp:attachment":[{"href":"https:\/\/acrylicone.academy\/pl\/wp-json\/wp\/v2\/media?parent=7673"}],"curies":[{"name":"wp","href":"https:\/\/api.w.org\/{rel}","templated":true}]}}